{"id":39502,"date":"2024-04-23T07:19:45","date_gmt":"2024-04-23T07:19:45","guid":{"rendered":"https:\/\/www.allforhorses.ee\/?post_type=product&#038;p=39502"},"modified":"2024-06-11T09:17:15","modified_gmt":"2024-06-11T09:17:15","slug":"hkm-ratsavest-lena","status":"publish","type":"product","link":"https:\/\/www.allforhorses.ee\/ru\/toode\/hkm-ratsavest-lena\/","title":{"rendered":"HKM Ratsavest &#171;Lena&#187;"},"content":{"rendered":"","protected":false},"excerpt":{"rendered":"<p><strong>Ratsavest &#171;Lena&#187;<br \/>\n<\/strong>Esik\u00fcljel on 2 lukuga taskut. Ratsavestil on kaksipidi k\u00e4iv t\u00f5mbluk.<br \/>\nMasinpestav 30 kraadi juures.<br \/>\nV\u00e4lismaterjal: 100% pol\u00fceester, pealmine materjal: 100% nailon.<\/p>\n<p>&nbsp;<\/p>\n","protected":false},"featured_media":39515,"template":"","meta":[],"product_brand":[],"product_cat":[109,122,124],"product_tag":[],"class_list":{"0":"post-39502","1":"product","2":"type-product","3":"status-publish","4":"has-post-thumbnail","6":"product_cat-ratsariided","7":"product_cat-ratsajoped-ja-vestid","8":"product_cat-ratsavestid","10":"first","11":"instock","12":"taxable","13":"shipping-taxable","14":"purchasable","15":"product-type-variable"},"_links":{"self":[{"href":"https:\/\/www.allforhorses.ee\/ru\/wp-json\/wp\/v2\/product\/39502","targetHints":{"allow":["GET"]}}],"collection":[{"href":"https:\/\/www.allforhorses.ee\/ru\/wp-json\/wp\/v2\/product"}],"about":[{"href":"https:\/\/www.allforhorses.ee\/ru\/wp-json\/wp\/v2\/types\/product"}],"wp:featuredmedia":[{"embeddable":true,"href":"https:\/\/www.allforhorses.ee\/ru\/wp-json\/wp\/v2\/media\/39515"}],"wp:attachment":[{"href":"https:\/\/www.allforhorses.ee\/ru\/wp-json\/wp\/v2\/media?parent=39502"}],"wp:term":[{"taxonomy":"product_brand","embeddable":true,"href":"https:\/\/www.allforhorses.ee\/ru\/wp-json\/wp\/v2\/product_brand?post=39502"},{"taxonomy":"product_cat","embeddable":true,"href":"https:\/\/www.allforhorses.ee\/ru\/wp-json\/wp\/v2\/product_cat?post=39502"},{"taxonomy":"product_tag","embeddable":true,"href":"https:\/\/www.allforhorses.ee\/ru\/wp-json\/wp\/v2\/product_tag?post=39502"}],"curies":[{"name":"wp","href":"https:\/\/api.w.org\/{rel}","templated":true}]}}