{"id":39480,"date":"2024-04-23T06:56:11","date_gmt":"2024-04-23T06:56:11","guid":{"rendered":"https:\/\/www.allforhorses.ee\/?post_type=product&#038;p=39480"},"modified":"2026-03-26T15:54:42","modified_gmt":"2026-03-26T15:54:42","slug":"hkm-kepphobune-haalega-bella","status":"publish","type":"product","link":"https:\/\/www.allforhorses.ee\/ru\/toode\/hkm-kepphobune-haalega-bella\/","title":{"rendered":"HKM Kepphobune H\u00e4\u00e4lega &#171;Bella&#187;"},"content":{"rendered":"","protected":false},"excerpt":{"rendered":"<p><strong>HKM Kepphobune\u00a0<\/strong>on puidust vars(lahtikeeratav), puidust rattad ja k\u00e4epideme. Teeb hobuse h\u00e4\u00e4lt.<br \/>\nPikkus: u 100 cm.<br \/>\nKepp: 64cm.<\/p>\n<p><em>V\u00e4rv: bee\u017e.<\/em><\/p>\n","protected":false},"featured_media":48214,"template":"","meta":[],"product_brand":[],"product_cat":[109,1197],"product_tag":[],"class_list":{"0":"post-39480","1":"product","2":"type-product","3":"status-publish","4":"has-post-thumbnail","6":"product_cat-ratsariided","7":"product_cat-kepphobused","9":"first","10":"instock","11":"taxable","12":"shipping-taxable","13":"purchasable","14":"product-type-simple"},"_links":{"self":[{"href":"https:\/\/www.allforhorses.ee\/ru\/wp-json\/wp\/v2\/product\/39480","targetHints":{"allow":["GET"]}}],"collection":[{"href":"https:\/\/www.allforhorses.ee\/ru\/wp-json\/wp\/v2\/product"}],"about":[{"href":"https:\/\/www.allforhorses.ee\/ru\/wp-json\/wp\/v2\/types\/product"}],"wp:featuredmedia":[{"embeddable":true,"href":"https:\/\/www.allforhorses.ee\/ru\/wp-json\/wp\/v2\/media\/48214"}],"wp:attachment":[{"href":"https:\/\/www.allforhorses.ee\/ru\/wp-json\/wp\/v2\/media?parent=39480"}],"wp:term":[{"taxonomy":"product_brand","embeddable":true,"href":"https:\/\/www.allforhorses.ee\/ru\/wp-json\/wp\/v2\/product_brand?post=39480"},{"taxonomy":"product_cat","embeddable":true,"href":"https:\/\/www.allforhorses.ee\/ru\/wp-json\/wp\/v2\/product_cat?post=39480"},{"taxonomy":"product_tag","embeddable":true,"href":"https:\/\/www.allforhorses.ee\/ru\/wp-json\/wp\/v2\/product_tag?post=39480"}],"curies":[{"name":"wp","href":"https:\/\/api.w.org\/{rel}","templated":true}]}}