{"id":39003,"date":"2024-04-09T18:58:32","date_gmt":"2024-04-09T18:58:32","guid":{"rendered":"https:\/\/www.allforhorses.ee\/?post_type=product&#038;p=39003"},"modified":"2026-01-13T09:55:41","modified_gmt":"2026-01-13T09:55:41","slug":"hkm-laste-ratsasaapad-sevilla-kidsstandart","status":"publish","type":"product","link":"https:\/\/www.allforhorses.ee\/ru\/toode\/hkm-laste-ratsasaapad-sevilla-kidsstandart\/","title":{"rendered":"HKM Laste Ratsasaapad &#171;Sevilla Kids&#187;(standart)"},"content":{"rendered":"","protected":false},"excerpt":{"rendered":"<p><strong>HKM Laste Ratsasaapad &#171;<span class=\"base\" data-ui-id=\"page-title-wrapper\">Sevilla<\/span>&#171;(standart)\u00a0<\/strong>on anatoomilise kujuga, reguleeritavad paelad, pehme vooderdus, t\u00f5mblukk tagumisel poolel, trukkidega lisakinnitus. Saapad hoiavad tihedalt \u00fcmber s\u00e4\u00e4re. Elastsed kummiribad luku m\u00f5lemal pool.<br \/>\nS\u00e4\u00e4reosa on kombineeritud kvaliteetsest kunstnahast ja kangast; jalalaba osa on p\u00e4ris nahast.<br \/>\nV\u00e4rv: must<\/p>\n<p>Lisatud m\u00f5\u00f5dutabel.<\/p>\n<p><em>HKM Ratsasaapad &#171;<span class=\"base\" data-ui-id=\"page-title-wrapper\">Sevilla<\/span>&#187; on ainult ettetellimisel(tarne u 10 t\u00f6\u00f6p\u00e4eva).<\/em><\/p>\n","protected":false},"featured_media":38965,"template":"","meta":[],"product_brand":[],"product_cat":[109,110,112],"product_tag":[],"class_list":{"0":"post-39003","1":"product","2":"type-product","3":"status-publish","4":"has-post-thumbnail","6":"product_cat-ratsariided","7":"product_cat-ratsasaapad","8":"product_cat-pikad-ratsasaapad","10":"first","11":"instock","12":"taxable","13":"shipping-taxable","14":"purchasable","15":"product-type-variable"},"_links":{"self":[{"href":"https:\/\/www.allforhorses.ee\/ru\/wp-json\/wp\/v2\/product\/39003","targetHints":{"allow":["GET"]}}],"collection":[{"href":"https:\/\/www.allforhorses.ee\/ru\/wp-json\/wp\/v2\/product"}],"about":[{"href":"https:\/\/www.allforhorses.ee\/ru\/wp-json\/wp\/v2\/types\/product"}],"wp:featuredmedia":[{"embeddable":true,"href":"https:\/\/www.allforhorses.ee\/ru\/wp-json\/wp\/v2\/media\/38965"}],"wp:attachment":[{"href":"https:\/\/www.allforhorses.ee\/ru\/wp-json\/wp\/v2\/media?parent=39003"}],"wp:term":[{"taxonomy":"product_brand","embeddable":true,"href":"https:\/\/www.allforhorses.ee\/ru\/wp-json\/wp\/v2\/product_brand?post=39003"},{"taxonomy":"product_cat","embeddable":true,"href":"https:\/\/www.allforhorses.ee\/ru\/wp-json\/wp\/v2\/product_cat?post=39003"},{"taxonomy":"product_tag","embeddable":true,"href":"https:\/\/www.allforhorses.ee\/ru\/wp-json\/wp\/v2\/product_tag?post=39003"}],"curies":[{"name":"wp","href":"https:\/\/api.w.org\/{rel}","templated":true}]}}