{"id":38698,"date":"2024-04-08T12:09:18","date_gmt":"2024-04-08T12:09:18","guid":{"rendered":"https:\/\/www.allforhorses.ee\/?post_type=product&#038;p=38698"},"modified":"2025-01-29T10:31:26","modified_gmt":"2025-01-29T10:31:26","slug":"hkm-ratsavest-bloomsbury","status":"publish","type":"product","link":"https:\/\/www.allforhorses.ee\/ru\/toode\/hkm-ratsavest-bloomsbury\/","title":{"rendered":"HKM Ratsavest &#171;Bloomsbury&#187;"},"content":{"rendered":"","protected":false},"excerpt":{"rendered":"<p><strong>Ratsavest\u00a0<\/strong>on hingav ja mugav. Esik\u00fcljel on 2 lukuga taskut. Taljesse hoidev kuju. Helkuritega.<br \/>\nMasinpestav 30 kraadi juures.<\/p>\n<p><em>LAOS vestid M, L suuruses.<br \/>\nHKM Ratsavestid on ainult ettetellimisel(tarne 10-14 t\u00f6\u00f6p\u00e4eva).<\/em><\/p>\n","protected":false},"featured_media":38723,"template":"","meta":[],"product_brand":[],"product_cat":[109,122,124],"product_tag":[],"class_list":{"0":"post-38698","1":"product","2":"type-product","3":"status-publish","4":"has-post-thumbnail","6":"product_cat-ratsariided","7":"product_cat-ratsajoped-ja-vestid","8":"product_cat-ratsavestid","10":"first","11":"instock","12":"taxable","13":"shipping-taxable","14":"purchasable","15":"product-type-variable"},"_links":{"self":[{"href":"https:\/\/www.allforhorses.ee\/ru\/wp-json\/wp\/v2\/product\/38698","targetHints":{"allow":["GET"]}}],"collection":[{"href":"https:\/\/www.allforhorses.ee\/ru\/wp-json\/wp\/v2\/product"}],"about":[{"href":"https:\/\/www.allforhorses.ee\/ru\/wp-json\/wp\/v2\/types\/product"}],"wp:featuredmedia":[{"embeddable":true,"href":"https:\/\/www.allforhorses.ee\/ru\/wp-json\/wp\/v2\/media\/38723"}],"wp:attachment":[{"href":"https:\/\/www.allforhorses.ee\/ru\/wp-json\/wp\/v2\/media?parent=38698"}],"wp:term":[{"taxonomy":"product_brand","embeddable":true,"href":"https:\/\/www.allforhorses.ee\/ru\/wp-json\/wp\/v2\/product_brand?post=38698"},{"taxonomy":"product_cat","embeddable":true,"href":"https:\/\/www.allforhorses.ee\/ru\/wp-json\/wp\/v2\/product_cat?post=38698"},{"taxonomy":"product_tag","embeddable":true,"href":"https:\/\/www.allforhorses.ee\/ru\/wp-json\/wp\/v2\/product_tag?post=38698"}],"curies":[{"name":"wp","href":"https:\/\/api.w.org\/{rel}","templated":true}]}}