{"id":38301,"date":"2024-03-28T08:10:56","date_gmt":"2024-03-28T08:10:56","guid":{"rendered":"https:\/\/www.allforhorses.ee\/?post_type=product&#038;p=38301"},"modified":"2026-04-17T09:42:48","modified_gmt":"2026-04-17T09:42:48","slug":"hkm-stopperitega-ratsmed-lea","status":"publish","type":"product","link":"https:\/\/www.allforhorses.ee\/ru\/toode\/hkm-stopperitega-ratsmed-lea\/","title":{"rendered":"HKM Stopperitega Ratsmed &#171;Lea&#187;"},"content":{"rendered":"","protected":false},"excerpt":{"rendered":"<p><strong>HKM Stopperitega Ratsmed<\/strong> on tugevad ja valmistatud kvaliteetsest nahast.<\/p>\n<p><em>LAOS mustad Pony; pruunid Cob, Full suuruses ratsmed.<\/em><br \/>\n<em>Tarne 10-14 t\u00f6\u00f6p\u00e4eva.<\/em><\/p>\n<p>&nbsp;<\/p>\n","protected":false},"featured_media":38302,"template":"","meta":[],"product_brand":[],"product_cat":[158,212,218,219],"product_tag":[],"class_list":{"0":"post-38301","1":"product","2":"type-product","3":"status-publish","4":"has-post-thumbnail","6":"product_cat-hobusele","7":"product_cat-valjad-ja-tarvikud","8":"product_cat-ratsmed","9":"product_cat-nahast-ratsmed","11":"first","12":"instock","13":"taxable","14":"shipping-taxable","15":"purchasable","16":"product-type-variable"},"_links":{"self":[{"href":"https:\/\/www.allforhorses.ee\/ru\/wp-json\/wp\/v2\/product\/38301","targetHints":{"allow":["GET"]}}],"collection":[{"href":"https:\/\/www.allforhorses.ee\/ru\/wp-json\/wp\/v2\/product"}],"about":[{"href":"https:\/\/www.allforhorses.ee\/ru\/wp-json\/wp\/v2\/types\/product"}],"wp:featuredmedia":[{"embeddable":true,"href":"https:\/\/www.allforhorses.ee\/ru\/wp-json\/wp\/v2\/media\/38302"}],"wp:attachment":[{"href":"https:\/\/www.allforhorses.ee\/ru\/wp-json\/wp\/v2\/media?parent=38301"}],"wp:term":[{"taxonomy":"product_brand","embeddable":true,"href":"https:\/\/www.allforhorses.ee\/ru\/wp-json\/wp\/v2\/product_brand?post=38301"},{"taxonomy":"product_cat","embeddable":true,"href":"https:\/\/www.allforhorses.ee\/ru\/wp-json\/wp\/v2\/product_cat?post=38301"},{"taxonomy":"product_tag","embeddable":true,"href":"https:\/\/www.allforhorses.ee\/ru\/wp-json\/wp\/v2\/product_tag?post=38301"}],"curies":[{"name":"wp","href":"https:\/\/api.w.org\/{rel}","templated":true}]}}