{"id":38208,"date":"2024-03-21T08:26:54","date_gmt":"2024-03-21T08:26:54","guid":{"rendered":"https:\/\/www.allforhorses.ee\/?post_type=product&#038;p=38208"},"modified":"2024-03-21T08:29:35","modified_gmt":"2024-03-21T08:29:35","slug":"hkm-funktsionaalne-ratsapluus-austin","status":"publish","type":"product","link":"https:\/\/www.allforhorses.ee\/ru\/toode\/hkm-funktsionaalne-ratsapluus-austin\/","title":{"rendered":"HKM Funktsionaalne Ratsapluus &#171;Austin&#187;"},"content":{"rendered":"","protected":false},"excerpt":{"rendered":"<p><strong>HKM ratsapluus <\/strong>&#8212; elastne, hingav, taljesse t\u00f6\u00f6deldud. P\u00e4ikesekaitse SPF 30. Cooling effect.<strong><br \/>\n<\/strong>Masinpestav 30 kraadiga.<strong><br \/>\n<\/strong>Materjal: 90% pol\u00fceester, 10% elastaan.<strong><br \/>\n<\/strong><\/p>\n<p><em>Tarne 10-14 t\u00f6\u00f6p\u00e4eva.<\/em><\/p>\n","protected":false},"featured_media":38221,"template":"","meta":[],"product_brand":[],"product_cat":[109,125,126],"product_tag":[],"class_list":{"0":"post-38208","1":"product","2":"type-product","3":"status-publish","4":"has-post-thumbnail","6":"product_cat-ratsariided","7":"product_cat-ratsasargid-ja-pluusid","8":"product_cat-t-sargid","10":"first","11":"instock","12":"taxable","13":"shipping-taxable","14":"purchasable","15":"product-type-variable"},"_links":{"self":[{"href":"https:\/\/www.allforhorses.ee\/ru\/wp-json\/wp\/v2\/product\/38208","targetHints":{"allow":["GET"]}}],"collection":[{"href":"https:\/\/www.allforhorses.ee\/ru\/wp-json\/wp\/v2\/product"}],"about":[{"href":"https:\/\/www.allforhorses.ee\/ru\/wp-json\/wp\/v2\/types\/product"}],"wp:featuredmedia":[{"embeddable":true,"href":"https:\/\/www.allforhorses.ee\/ru\/wp-json\/wp\/v2\/media\/38221"}],"wp:attachment":[{"href":"https:\/\/www.allforhorses.ee\/ru\/wp-json\/wp\/v2\/media?parent=38208"}],"wp:term":[{"taxonomy":"product_brand","embeddable":true,"href":"https:\/\/www.allforhorses.ee\/ru\/wp-json\/wp\/v2\/product_brand?post=38208"},{"taxonomy":"product_cat","embeddable":true,"href":"https:\/\/www.allforhorses.ee\/ru\/wp-json\/wp\/v2\/product_cat?post=38208"},{"taxonomy":"product_tag","embeddable":true,"href":"https:\/\/www.allforhorses.ee\/ru\/wp-json\/wp\/v2\/product_tag?post=38208"}],"curies":[{"name":"wp","href":"https:\/\/api.w.org\/{rel}","templated":true}]}}