{"id":3773,"date":"2019-03-12T10:51:16","date_gmt":"2019-03-12T10:51:16","guid":{"rendered":"https:\/\/www.allforhorses.ee\/?post_type=product&#038;p=3773"},"modified":"2024-06-14T00:02:26","modified_gmt":"2024-06-14T00:02:26","slug":"miu-premium-putukamask-air-max-2","status":"publish","type":"product","link":"https:\/\/www.allforhorses.ee\/ru\/toode\/miu-premium-putukamask-air-max-2\/","title":{"rendered":"MIU Premium Putukamask Air Max"},"content":{"rendered":"","protected":false},"excerpt":{"rendered":"<p><strong>MIU Premium Putukamask Air Max <\/strong>kaitseb hobuse n\u00e4gu k\u00e4rbeste ja teiste putukate eest. K\u00e4rbsemask kaitseb ka k\u00f5rvu. Takjakinnitus asub l\u00f5ua all. Maskil on fliisist \u00e4\u00e4red.\u00a0UV-t\u00f6\u00f6deldud kangas kaitseb hobust UV-kiirguse eest. Ei vaju hobuse silmade peale.<\/p>\n","protected":false},"featured_media":3778,"template":"","meta":[],"product_brand":[],"product_cat":[158,204,206],"product_tag":[],"class_list":{"0":"post-3773","1":"product","2":"type-product","3":"status-publish","4":"has-post-thumbnail","6":"product_cat-hobusele","7":"product_cat-putukatorje-vahendid","8":"product_cat-putukamaskid","10":"first","11":"instock","12":"sale","13":"taxable","14":"shipping-taxable","15":"purchasable","16":"product-type-variable"},"_links":{"self":[{"href":"https:\/\/www.allforhorses.ee\/ru\/wp-json\/wp\/v2\/product\/3773","targetHints":{"allow":["GET"]}}],"collection":[{"href":"https:\/\/www.allforhorses.ee\/ru\/wp-json\/wp\/v2\/product"}],"about":[{"href":"https:\/\/www.allforhorses.ee\/ru\/wp-json\/wp\/v2\/types\/product"}],"wp:featuredmedia":[{"embeddable":true,"href":"https:\/\/www.allforhorses.ee\/ru\/wp-json\/wp\/v2\/media\/3778"}],"wp:attachment":[{"href":"https:\/\/www.allforhorses.ee\/ru\/wp-json\/wp\/v2\/media?parent=3773"}],"wp:term":[{"taxonomy":"product_brand","embeddable":true,"href":"https:\/\/www.allforhorses.ee\/ru\/wp-json\/wp\/v2\/product_brand?post=3773"},{"taxonomy":"product_cat","embeddable":true,"href":"https:\/\/www.allforhorses.ee\/ru\/wp-json\/wp\/v2\/product_cat?post=3773"},{"taxonomy":"product_tag","embeddable":true,"href":"https:\/\/www.allforhorses.ee\/ru\/wp-json\/wp\/v2\/product_tag?post=3773"}],"curies":[{"name":"wp","href":"https:\/\/api.w.org\/{rel}","templated":true}]}}