{"id":37498,"date":"2024-03-19T11:29:18","date_gmt":"2024-03-19T11:29:18","guid":{"rendered":"https:\/\/www.allforhorses.ee\/?post_type=product&#038;p=37498"},"modified":"2024-03-19T11:37:19","modified_gmt":"2024-03-19T11:37:19","slug":"hkm-poolsaapad-hard-cap","status":"publish","type":"product","link":"https:\/\/www.allforhorses.ee\/ru\/toode\/hkm-poolsaapad-hard-cap\/","title":{"rendered":"HKM Turvaninaga Poolsaapad &#171;Hard Cap&#187;"},"content":{"rendered":"","protected":false},"excerpt":{"rendered":"<p><strong>HKM Turvaninaga Poolsaapad<\/strong><span class=\"base\" data-ui-id=\"page-title-wrapper\"><strong>\u00a0<\/strong><\/span>on valmistatud naturaalsest veisenahast. Ees on lukk, elastsed ja hingavad osad pahkluu m\u00f5lemal k\u00fcljel, sisevooder on funktsionaalsest v\u00f5rkmaterjalist,\u00a0tugevdus ninaosas. Sisetald memory foam materjaliga. Saapaid on kerge puhastada ja hooldada.<\/p>\n<p><em>Tarne 10-14 t\u00f6\u00f6p\u00e4eva.<\/em><\/p>\n<p>&nbsp;<\/p>\n","protected":false},"featured_media":37515,"template":"","meta":[],"product_brand":[],"product_cat":[109,110,111],"product_tag":[],"class_list":{"0":"post-37498","1":"product","2":"type-product","3":"status-publish","4":"has-post-thumbnail","6":"product_cat-ratsariided","7":"product_cat-ratsasaapad","8":"product_cat-poolsaapad","10":"first","11":"instock","12":"taxable","13":"shipping-taxable","14":"purchasable","15":"product-type-variable"},"_links":{"self":[{"href":"https:\/\/www.allforhorses.ee\/ru\/wp-json\/wp\/v2\/product\/37498","targetHints":{"allow":["GET"]}}],"collection":[{"href":"https:\/\/www.allforhorses.ee\/ru\/wp-json\/wp\/v2\/product"}],"about":[{"href":"https:\/\/www.allforhorses.ee\/ru\/wp-json\/wp\/v2\/types\/product"}],"wp:featuredmedia":[{"embeddable":true,"href":"https:\/\/www.allforhorses.ee\/ru\/wp-json\/wp\/v2\/media\/37515"}],"wp:attachment":[{"href":"https:\/\/www.allforhorses.ee\/ru\/wp-json\/wp\/v2\/media?parent=37498"}],"wp:term":[{"taxonomy":"product_brand","embeddable":true,"href":"https:\/\/www.allforhorses.ee\/ru\/wp-json\/wp\/v2\/product_brand?post=37498"},{"taxonomy":"product_cat","embeddable":true,"href":"https:\/\/www.allforhorses.ee\/ru\/wp-json\/wp\/v2\/product_cat?post=37498"},{"taxonomy":"product_tag","embeddable":true,"href":"https:\/\/www.allforhorses.ee\/ru\/wp-json\/wp\/v2\/product_tag?post=37498"}],"curies":[{"name":"wp","href":"https:\/\/api.w.org\/{rel}","templated":true}]}}