{"id":37432,"date":"2024-03-19T11:13:26","date_gmt":"2024-03-19T11:13:26","guid":{"rendered":"https:\/\/www.allforhorses.ee\/?post_type=product&#038;p=37432"},"modified":"2025-12-17T20:05:35","modified_gmt":"2025-12-17T20:05:35","slug":"hkm-ratsakiiver-glamour-shieldreguleeritav-suurus","status":"publish","type":"product","link":"https:\/\/www.allforhorses.ee\/ru\/toode\/hkm-ratsakiiver-glamour-shieldreguleeritav-suurus\/","title":{"rendered":"HKM Ratsakiiver &#171;Glamour Shield&#187;(reguleeritav suurus)"},"content":{"rendered":"","protected":false},"excerpt":{"rendered":"<p><strong>HKM Ratsakiiver <\/strong>on lihtne ja mugav; varustatud ventilatsioonis\u00fcsteemiga(ventilatsiooniavad) ja koos reguleeritava suurusega. Lihtne puhastada, eemaldatav pehme sisevooder,\u00a0kunstnahaga kaetud kinnitusrihmad. Lihtne reguleerimise s\u00fcsteem. Kaasas kaskakott.<br \/>\nMeets standart: vg1 01.040 2014-12.<\/p>\n<p><em>Tarne u 10 t\u00f6\u00f6p\u00e4eva.<\/em><\/p>\n<p>&nbsp;<\/p>\n","protected":false},"featured_media":37470,"template":"","meta":[],"product_brand":[],"product_cat":[109,131,289],"product_tag":[],"class_list":{"0":"post-37432","1":"product","2":"type-product","3":"status-publish","4":"has-post-thumbnail","6":"product_cat-ratsariided","7":"product_cat-ratsakiivrid-turvavestid","8":"product_cat-ratsakiivrid","10":"first","11":"instock","12":"taxable","13":"shipping-taxable","14":"purchasable","15":"product-type-variable"},"_links":{"self":[{"href":"https:\/\/www.allforhorses.ee\/ru\/wp-json\/wp\/v2\/product\/37432","targetHints":{"allow":["GET"]}}],"collection":[{"href":"https:\/\/www.allforhorses.ee\/ru\/wp-json\/wp\/v2\/product"}],"about":[{"href":"https:\/\/www.allforhorses.ee\/ru\/wp-json\/wp\/v2\/types\/product"}],"wp:featuredmedia":[{"embeddable":true,"href":"https:\/\/www.allforhorses.ee\/ru\/wp-json\/wp\/v2\/media\/37470"}],"wp:attachment":[{"href":"https:\/\/www.allforhorses.ee\/ru\/wp-json\/wp\/v2\/media?parent=37432"}],"wp:term":[{"taxonomy":"product_brand","embeddable":true,"href":"https:\/\/www.allforhorses.ee\/ru\/wp-json\/wp\/v2\/product_brand?post=37432"},{"taxonomy":"product_cat","embeddable":true,"href":"https:\/\/www.allforhorses.ee\/ru\/wp-json\/wp\/v2\/product_cat?post=37432"},{"taxonomy":"product_tag","embeddable":true,"href":"https:\/\/www.allforhorses.ee\/ru\/wp-json\/wp\/v2\/product_tag?post=37432"}],"curies":[{"name":"wp","href":"https:\/\/api.w.org\/{rel}","templated":true}]}}