{"id":36536,"date":"2024-02-27T11:21:03","date_gmt":"2024-02-27T11:21:03","guid":{"rendered":"https:\/\/www.allforhorses.ee\/?post_type=product&#038;p=36536"},"modified":"2026-03-18T10:10:24","modified_gmt":"2026-03-18T10:10:24","slug":"sonnikuhark-swedish","status":"publish","type":"product","link":"https:\/\/www.allforhorses.ee\/ru\/toode\/sonnikuhark-swedish\/","title":{"rendered":"S\u00f5nnikuhark &#171;Swedish&#187;"},"content":{"rendered":"","protected":false},"excerpt":{"rendered":"<p><strong>Pfiff S\u00f5nnikuhark<\/strong>\u00a0on t\u00f6\u00f6vahend bokside ja koplite puhastamisel hobuse s\u00f5nnikust. S\u00f5nnikuhark on ilma varreta. Eriti vastupidav.<\/p>\n<p>H\u00e4sti sobib koos <a href=\"https:\/\/www.allforhorses.ee\/toode\/alumiiniumist-sonnikuhargi-vars-swedish\/\">S\u00f5nnikuhargi vars<\/a><\/p>\n<p>&nbsp;<\/p>\n<p>&nbsp;<\/p>\n","protected":false},"featured_media":36545,"template":"","meta":[],"product_brand":[],"product_cat":[145,154,155],"product_tag":[],"class_list":{"0":"post-36536","1":"product","2":"type-product","3":"status-publish","4":"has-post-thumbnail","6":"product_cat-talli","7":"product_cat-sonnikuhargid-ja-labidad","8":"product_cat-sonnikuhargid","10":"first","11":"instock","12":"taxable","13":"shipping-taxable","14":"purchasable","15":"product-type-variable"},"_links":{"self":[{"href":"https:\/\/www.allforhorses.ee\/ru\/wp-json\/wp\/v2\/product\/36536","targetHints":{"allow":["GET"]}}],"collection":[{"href":"https:\/\/www.allforhorses.ee\/ru\/wp-json\/wp\/v2\/product"}],"about":[{"href":"https:\/\/www.allforhorses.ee\/ru\/wp-json\/wp\/v2\/types\/product"}],"wp:featuredmedia":[{"embeddable":true,"href":"https:\/\/www.allforhorses.ee\/ru\/wp-json\/wp\/v2\/media\/36545"}],"wp:attachment":[{"href":"https:\/\/www.allforhorses.ee\/ru\/wp-json\/wp\/v2\/media?parent=36536"}],"wp:term":[{"taxonomy":"product_brand","embeddable":true,"href":"https:\/\/www.allforhorses.ee\/ru\/wp-json\/wp\/v2\/product_brand?post=36536"},{"taxonomy":"product_cat","embeddable":true,"href":"https:\/\/www.allforhorses.ee\/ru\/wp-json\/wp\/v2\/product_cat?post=36536"},{"taxonomy":"product_tag","embeddable":true,"href":"https:\/\/www.allforhorses.ee\/ru\/wp-json\/wp\/v2\/product_tag?post=36536"}],"curies":[{"name":"wp","href":"https:\/\/api.w.org\/{rel}","templated":true}]}}