{"id":36469,"date":"2024-02-27T11:09:00","date_gmt":"2024-02-27T11:09:00","guid":{"rendered":"https:\/\/www.allforhorses.ee\/?post_type=product&#038;p=36469"},"modified":"2026-01-09T13:50:05","modified_gmt":"2026-01-09T13:50:05","slug":"hkm-laste-soojad-ratsakindad-judy","status":"publish","type":"product","link":"https:\/\/www.allforhorses.ee\/ru\/toode\/hkm-laste-soojad-ratsakindad-judy\/","title":{"rendered":"HKM Laste Soojad Ratsakindad &#171;Judy&#187;"},"content":{"rendered":"","protected":false},"excerpt":{"rendered":"<p><strong>HKM Ratsakindad<\/strong> <strong>&#171;Judy&#187;<\/strong> &#8212; mugavad, pehmed, soojad.<br \/>\nMasinpestavad 30 kraadise veeprogrammiga(delicate wash).<br \/>\n100% polyester.<\/p>\n<p><em>Kindad on ainult ettetellimisel, tarne u 14 t\u00f6\u00f6p\u00e4eva.<\/em><\/p>\n<p>&nbsp;<\/p>\n<p>&nbsp;<\/p>\n","protected":false},"featured_media":36485,"template":"","meta":[],"product_brand":[],"product_cat":[109,128,130],"product_tag":[],"class_list":{"0":"post-36469","1":"product","2":"type-product","3":"status-publish","4":"has-post-thumbnail","6":"product_cat-ratsariided","7":"product_cat-ratsakindad","8":"product_cat-soojad-ratsakindad","10":"first","11":"instock","12":"taxable","13":"shipping-taxable","14":"purchasable","15":"product-type-variable"},"_links":{"self":[{"href":"https:\/\/www.allforhorses.ee\/ru\/wp-json\/wp\/v2\/product\/36469","targetHints":{"allow":["GET"]}}],"collection":[{"href":"https:\/\/www.allforhorses.ee\/ru\/wp-json\/wp\/v2\/product"}],"about":[{"href":"https:\/\/www.allforhorses.ee\/ru\/wp-json\/wp\/v2\/types\/product"}],"wp:featuredmedia":[{"embeddable":true,"href":"https:\/\/www.allforhorses.ee\/ru\/wp-json\/wp\/v2\/media\/36485"}],"wp:attachment":[{"href":"https:\/\/www.allforhorses.ee\/ru\/wp-json\/wp\/v2\/media?parent=36469"}],"wp:term":[{"taxonomy":"product_brand","embeddable":true,"href":"https:\/\/www.allforhorses.ee\/ru\/wp-json\/wp\/v2\/product_brand?post=36469"},{"taxonomy":"product_cat","embeddable":true,"href":"https:\/\/www.allforhorses.ee\/ru\/wp-json\/wp\/v2\/product_cat?post=36469"},{"taxonomy":"product_tag","embeddable":true,"href":"https:\/\/www.allforhorses.ee\/ru\/wp-json\/wp\/v2\/product_tag?post=36469"}],"curies":[{"name":"wp","href":"https:\/\/api.w.org\/{rel}","templated":true}]}}