{"id":36014,"date":"2024-02-15T12:39:52","date_gmt":"2024-02-15T12:39:52","guid":{"rendered":"https:\/\/www.allforhorses.ee\/?post_type=product&#038;p=36014"},"modified":"2026-01-06T14:50:59","modified_gmt":"2026-01-06T14:50:59","slug":"hkm-helkuritega-ratsakindad-reflective","status":"publish","type":"product","link":"https:\/\/www.allforhorses.ee\/ru\/toode\/hkm-helkuritega-ratsakindad-reflective\/","title":{"rendered":"HKM Helkuritega Ratsakindad &#171;Reflective&#187;"},"content":{"rendered":"","protected":false},"excerpt":{"rendered":"<p><strong>HKM Soojad Ratsakindad<\/strong>\u00a0&#8212; mugavad, soojad,\u00a0tuule- ja vihmakindlad; seemisnahk. Touchscreen.<br \/>\nMasinpestavad 30 kraadise veeprogrammiga.<\/p>\n<p><em>LAOS S, M, L suuruses kindad.<\/em><br \/>\n<em>\u00dclej\u00e4\u00e4nud suurused ainult ettetellimisel(tarne 10-14 t\u00f6\u00f6p\u00e4eva.)<\/em><\/p>\n<p>&nbsp;<\/p>\n","protected":false},"featured_media":36020,"template":"","meta":[],"product_brand":[],"product_cat":[109,128,130],"product_tag":[],"class_list":{"0":"post-36014","1":"product","2":"type-product","3":"status-publish","4":"has-post-thumbnail","6":"product_cat-ratsariided","7":"product_cat-ratsakindad","8":"product_cat-soojad-ratsakindad","10":"first","11":"instock","12":"taxable","13":"shipping-taxable","14":"purchasable","15":"product-type-variable"},"_links":{"self":[{"href":"https:\/\/www.allforhorses.ee\/ru\/wp-json\/wp\/v2\/product\/36014","targetHints":{"allow":["GET"]}}],"collection":[{"href":"https:\/\/www.allforhorses.ee\/ru\/wp-json\/wp\/v2\/product"}],"about":[{"href":"https:\/\/www.allforhorses.ee\/ru\/wp-json\/wp\/v2\/types\/product"}],"wp:featuredmedia":[{"embeddable":true,"href":"https:\/\/www.allforhorses.ee\/ru\/wp-json\/wp\/v2\/media\/36020"}],"wp:attachment":[{"href":"https:\/\/www.allforhorses.ee\/ru\/wp-json\/wp\/v2\/media?parent=36014"}],"wp:term":[{"taxonomy":"product_brand","embeddable":true,"href":"https:\/\/www.allforhorses.ee\/ru\/wp-json\/wp\/v2\/product_brand?post=36014"},{"taxonomy":"product_cat","embeddable":true,"href":"https:\/\/www.allforhorses.ee\/ru\/wp-json\/wp\/v2\/product_cat?post=36014"},{"taxonomy":"product_tag","embeddable":true,"href":"https:\/\/www.allforhorses.ee\/ru\/wp-json\/wp\/v2\/product_tag?post=36014"}],"curies":[{"name":"wp","href":"https:\/\/api.w.org\/{rel}","templated":true}]}}