{"id":35913,"date":"2024-02-11T15:42:54","date_gmt":"2024-02-11T15:42:54","guid":{"rendered":"https:\/\/www.allforhorses.ee\/?post_type=product&#038;p=35913"},"modified":"2024-06-20T08:03:13","modified_gmt":"2024-06-20T08:03:13","slug":"rippuv-ohuvarskendaja","status":"publish","type":"product","link":"https:\/\/www.allforhorses.ee\/ru\/toode\/rippuv-ohuvarskendaja\/","title":{"rendered":"Rippuv \u00d5huv\u00e4rskendaja"},"content":{"rendered":"<p>Rippuv \u00f5huv\u00e4rskendaja on v\u00e4ike, kuid tugeva l\u00f5hnaga ja v\u00f5ib seet\u00f5ttu tagada kvaliteetse l\u00f5hnaelamuse, mistahes ruumis. Ainulaadseid \u00f5lip\u00f5hiseid l\u00f5hnu hoitakse 8-milliliitristes purkides. See kogus on piisav l\u00f5hna nautimiseks kuni 30 p\u00e4eva. Looduslikust puidust kork eraldab t\u00f5husalt teie valitud l\u00f5hna ja takistab vedeliku kiiret aurustumist. See tagab kauakestvad aroomid. Esteetilise disainiga rippuv \u00f5huv\u00e4rskendaja v\u00f5ib kaunistada mitte ainult teie auto salongi, vaid ka garderoobi v\u00f5i muud v\u00e4iksemat ruumi. Meie kokku sobitatud l\u00f5hnan\u00fcansid hajuvad t\u00f5husalt soojas ja kuivas ruumis, kus \u00f5hk saab piisavalt liikuda. Riputatav \u00f5huv\u00e4rskendaja on pakitud elegantsesse karpi, mis tekitab juba ainult k\u00e4es hoides tunde, et puudutate midagi luksuslikku!<\/p>\n<div class=\"page\" title=\"Page 1\">\n<div class=\"section\">\n<div class=\"layoutArea\">\n<div class=\"column\">\n<p><strong>Blue Nightingale(Elite)<\/strong><\/p>\n<table id=\"custom_attributes\" class=\"full-specifications\">\n<tbody>\n<tr>\n<td class=\"fw6\">Tipunoodid:<\/td>\n<td>bergamott, sidrun, vaarikas, karamell ja apelsin.<\/td>\n<\/tr>\n<tr>\n<td class=\"fw6\">S\u00fcdamenoodid:<\/td>\n<td>maikelluke, jasmiin ja kaneel.<\/td>\n<\/tr>\n<tr>\n<td class=\"fw6\">P\u00f5hinoodid:<\/td>\n<td>vanilje, muskus ja hele puit.<\/td>\n<\/tr>\n<\/tbody>\n<\/table>\n<div class=\"page\" title=\"Page 1\">\n<div class=\"section\">\n<div class=\"layoutArea\">\n<div class=\"column\">\n<p><strong>Coneg\u00f2n(Elite)<\/strong><\/p>\n<table id=\"custom_attributes\" class=\"full-specifications\">\n<tbody>\n<tr>\n<td class=\"fw6\">Tipunoodid:<\/td>\n<td>apelsin, virsik, roosa pipar, arbuus<\/td>\n<\/tr>\n<tr>\n<td class=\"fw6\">S\u00fcdamenoodid:<\/td>\n<td>lavendel, jasmiin, pat\u0161uli, roos<\/td>\n<\/tr>\n<tr>\n<td class=\"fw6\">P\u00f5hinoodid:<\/td>\n<td>kummel, muskus, tonka, vanilje<\/td>\n<\/tr>\n<\/tbody>\n<\/table>\n<\/div>\n<\/div>\n<\/div>\n<\/div>\n<\/div>\n<\/div>\n<\/div>\n<\/div>\n<p><strong>Diamond(Elite)<br \/>\n<\/strong><\/p>\n<table id=\"custom_attributes\" class=\"full-specifications\">\n<tbody>\n<tr>\n<td class=\"fw6\">Tipunoodid:<\/td>\n<td>sidrun, meresoola n\u00fcansid, neroli, virsik ja maasikas.<\/td>\n<\/tr>\n<tr>\n<td class=\"fw6\">S\u00fcdamenoodid:<\/td>\n<td>jasmiini, ilang, tuberoos, alpikann ja muskaatsalvei.<\/td>\n<\/tr>\n<tr>\n<td class=\"fw6\">P\u00f5hinoodid:<\/td>\n<td>nahk, sandlipuu, merevaik, pat\u0161uli, seemisnaha noodid ja vanilje.<\/td>\n<\/tr>\n<\/tbody>\n<\/table>\n<p><strong>Delave(Elite)<\/strong><\/p>\n<table id=\"custom_attributes\" class=\"full-specifications\">\n<tbody>\n<tr>\n<td class=\"fw6\">Tipunoodid:<\/td>\n<td>musts\u00f5star, apelsin<\/td>\n<\/tr>\n<tr>\n<td class=\"fw6\">S\u00fcdamenoodid:<\/td>\n<td>pat\u0161uli, vaarikas, maikelluke, roos<\/td>\n<\/tr>\n<tr>\n<td class=\"fw6\">P\u00f5hinoodid:<\/td>\n<td>palsaminoodid, karamell, merevaik<\/td>\n<\/tr>\n<\/tbody>\n<\/table>\n<p><strong>Black Grapes(Elite)<\/strong><\/p>\n<table id=\"custom_attributes\" class=\"full-specifications\">\n<tbody>\n<tr>\n<td class=\"fw6\">Tipunoodid<\/td>\n<td>K\u00fcpsete mustade viinamarjade aroom<\/td>\n<\/tr>\n<\/tbody>\n<\/table>\n<p><strong>Ohena(Gold)<\/strong><\/p>\n<table id=\"custom_attributes\" class=\"full-specifications\">\n<tbody>\n<tr>\n<td class=\"fw6\">Tipunoodid<\/td>\n<td>apelsini\u00f5is ja jasmiin.<\/td>\n<\/tr>\n<tr>\n<td class=\"fw6\">S\u00fcdamenoodid<\/td>\n<td>musts\u00f5star ja pirn<\/td>\n<\/tr>\n<tr>\n<td class=\"fw6\">P\u00f5hinoodid<\/td>\n<td>vanilje ja mandel<\/td>\n<\/tr>\n<\/tbody>\n<\/table>\n<p><em>T\u00e4helepanu!<\/em> \u00d5huv\u00e4rskendajat hoida alati vertikaalasendis. V\u00e4ljavalgumise korral puhastada vedelik viivitamatult. Vedelik v\u00f5ib kahjustada pindu. Hoida ja kasutada 5\u00b0C kuni 30\u00b0C temperatuuril kaitsta otseste p\u00e4ikesekiirte eest. Tootja ei vastuta mistahes kahju eest, mis v\u00f5ib tekkida selle toote eba\u00f5ige kasutamise t\u00f5ttu. Kehtib 12 kuud, alates avamise p\u00e4evast.<\/p>\n<p data-pm-slice=\"1 1 []\"><em>HOIATUS:<\/em>\u00a0Tuleohtlik vedelik ja aur. V\u00f5ib p\u00f5hjustada allergilist nahareaktsiooni. P\u00f5hjustab tugevat silmade \u00e4rritust. V\u00e4ga m\u00fcrgine veeorganismidele, pikaajaline toime. Arsti poole p\u00f6\u00f6rdudes v\u00f5tta kaasa toote pakend v\u00f5i etikett. Hoida lastele k\u00e4ttesaamatus kohas. Nahale sattumise korral: pesta rohke veega.<\/p>\n<p data-pm-slice=\"1 1 []\"><em>SILMA SATTUMISE KORRAL:<\/em> loputada mitme minuti jooksul ettevaatlikult veega. Eemaldada kontaktl\u00e4\u00e4tsed, kui neid kasutatakse ja kui neid on kerge eemaldada. Loputada veel kord.<\/p>\n<p data-pm-slice=\"1 1 []\"><em>NAHA\u00c4RRITUSE V\u00d5I OBE KORRAL:<\/em> p\u00f6\u00f6rduda arsti poole. Sisu\/mahuti k\u00f5rvaldada vastavalt kohalikele eeskirjadele.<\/p>\n","protected":false},"excerpt":{"rendered":"<p><strong>Aromatic89 Rippuv \u00d5huv\u00e4rskendaja\u00a0<\/strong><\/p>\n<p>Alati on meeldiv kogeda intensiivset ja rikkalikku l\u00f5hna kohe p\u00e4rast garderoobi, autoukse avamist v\u00f5i m\u00f5nda muusse ruumi sisenemist.<\/p>\n<p>Efektiivsus: kestab kuni 30 p\u00e4eva.<br \/>\nMaht: 8ml.<\/p>\n<p><em>L\u00fchidalt riputatava \u00f5huv\u00e4rskendaja kohta:\u00a0<\/em><br \/>\nLoodud orgaanilisel baasil.<br \/>\nOn \u00f5lip\u00f5hine ja pikema toimega.<br \/>\nKlaaspurgi maht on 8 ml.<br \/>\nLooduslikust puidust kork tagab l\u00f5hnade t\u00f5husa leviku.<br \/>\nSaab riputada autosse, garderoobi v\u00f5i muusse v\u00e4iksemasse ruumi.<br \/>\nIntensiivsemalt on l\u00f5hna tunda ventileeritavas, soojas ja kuivas ruumis.<br \/>\nTugevad l\u00f5hnad, mis kestavad kuni 30 p\u00e4eva.<br \/>\nPakitud musta stiilsesse karpi.<\/p>\n<p><em>Kasutamine:<\/em> V\u00f5tke klaasist \u00f5huv\u00e4rskendaja karbist v\u00e4lja. Keerake puidust kork maha ja eemaldage sellelt kaitsekile. Keerake kork tagasi, p\u00f6\u00f6rake \u00f5huv\u00e4skendaja \u00fcmber, et kork imaks endasse l\u00f5hnaainet. Riputage \u00f5huv\u00e4rskendaja n\u00f6\u00f6ri abil soovitud kohta.<\/p>\n<p>&nbsp;<\/p>\n<p>&nbsp;<\/p>\n","protected":false},"featured_media":35918,"template":"","meta":[],"product_brand":[],"product_cat":[1165],"product_tag":[],"class_list":{"0":"post-35913","1":"product","2":"type-product","3":"status-publish","4":"has-post-thumbnail","6":"product_cat-aromatic89","8":"first","9":"instock","10":"taxable","11":"shipping-taxable","12":"purchasable","13":"product-type-variable"},"_links":{"self":[{"href":"https:\/\/www.allforhorses.ee\/ru\/wp-json\/wp\/v2\/product\/35913","targetHints":{"allow":["GET"]}}],"collection":[{"href":"https:\/\/www.allforhorses.ee\/ru\/wp-json\/wp\/v2\/product"}],"about":[{"href":"https:\/\/www.allforhorses.ee\/ru\/wp-json\/wp\/v2\/types\/product"}],"wp:featuredmedia":[{"embeddable":true,"href":"https:\/\/www.allforhorses.ee\/ru\/wp-json\/wp\/v2\/media\/35918"}],"wp:attachment":[{"href":"https:\/\/www.allforhorses.ee\/ru\/wp-json\/wp\/v2\/media?parent=35913"}],"wp:term":[{"taxonomy":"product_brand","embeddable":true,"href":"https:\/\/www.allforhorses.ee\/ru\/wp-json\/wp\/v2\/product_brand?post=35913"},{"taxonomy":"product_cat","embeddable":true,"href":"https:\/\/www.allforhorses.ee\/ru\/wp-json\/wp\/v2\/product_cat?post=35913"},{"taxonomy":"product_tag","embeddable":true,"href":"https:\/\/www.allforhorses.ee\/ru\/wp-json\/wp\/v2\/product_tag?post=35913"}],"curies":[{"name":"wp","href":"https:\/\/api.w.org\/{rel}","templated":true}]}}