{"id":35878,"date":"2024-02-11T15:17:09","date_gmt":"2024-02-11T15:17:09","guid":{"rendered":"https:\/\/www.allforhorses.ee\/?post_type=product&#038;p=35878"},"modified":"2025-06-20T11:25:44","modified_gmt":"2025-06-20T11:25:44","slug":"lohnastatud-pesupehmendaja1l","status":"publish","type":"product","link":"https:\/\/www.allforhorses.ee\/ru\/toode\/lohnastatud-pesupehmendaja1l\/","title":{"rendered":"L\u00f5hnastatud Pesupehmendaja(1L)"},"content":{"rendered":"<p>Elus\u00fcndmuste keerises puutume me k\u00f5ik kokku erinevate plekkidega oma riietel: olgu selleks siis mullaga m\u00e4\u00e4ritud p\u00fcksid, toiduvalmistamisel rasvaga &#171;kaunistatud&#187; T-s\u00e4rk v\u00f5i veiniplekiline kampsun p\u00e4rast l\u00f5busat \u00f5htut s\u00f5prade seltsis. T\u00f6\u00f6tasime v\u00e4lja CONEG\u00d2N aroomiga l\u00f5hnastatud pesuvahendi, et sellised olukorrad ei tekitaks kellelegi peavalu. See pesuvahend sobib k\u00e4sipesuks ja kasutamiseks erinevat t\u00fc\u00fcpi pesumasinates. Toode on efektiivne temperatuuril 15-60 \u00ba\u0421. Eemaldab t\u00f5husalt rasva, piima, vere, rohu, veini, tee ja muud plekid. Pesuvahend eemaldab suurep\u00e4raselt kangekaelsed plekid ning rikastab kangast eksklusiivsete apelsini, muskuse ja vanilli aroomidega. Sobib v\u00e4rvilistele ja musta v\u00e4rvi kangastele. Kasutamisel tuleb pesuvahendit doseerida s\u00f5ltuvalt kangaste m\u00e4\u00e4rdumisastmest ja vee karedusest. Pikaajalise, intensiivse l\u00f5hna tagamiseks on soovitatav kasutada samaaegselt ka CONEG\u00d2N pesupehmendajat. See pesupehmendaja annab kangastele lisapehmust, takistab staatilise elektri tekkimist ja muudab riiete triikimise lihtsamaks. T\u00f5hus ja kiiresti toimiv pesuvahend eemaldab riietelt k\u00f5ik plekid, rikastab kangast CONEG\u00d2N aroomiga ning v\u00f5imaldab j\u00e4tkata aktiivse elustiili nautimist!<\/p>\n<p><em>Koostisosad:<\/em>\u00a0Anionic surfactants pam 5-15%, nonionic surfactants PAM &lt;5%, EDTA and its salts &lt;5%, parfum (benzyl salicylate, iso E super, linalool, helional, hydroxycitronellal),\u00a0enzymes, preservative (dimethylol glycol, methylchloroisothiazolinone, methylisothiazolinone.<\/p>\n<p><em>T\u00e4helepanu:<\/em>\u00a0Hoida lastele k\u00e4ttesaamatus kohas. Kanna kaitsekindaid, kasuta silmade (n\u00e4o) kaitsevahendeid. Ole ettevaatlik, et pesuvahend ei satuks silma ega suhu. P\u00e4rast kokkupuudet nahaga loputa nahk veega. Silma sattumisel: loputa hoolikalt veega mitu minutit.<\/p>\n","protected":false},"excerpt":{"rendered":"<p><strong>Aromatic89 L\u00f5hnastatud Pesupehmendaja<\/strong>\u00a0on kerge t\u00f6\u00f6 kvaliteetsele CONEG\u00d2N aroomiga l\u00f5hnastatud pesuvahendile. V\u00e4rvilistele ja musta v\u00e4rvi kangastele.<\/p>\n<table id=\"custom_attributes\" class=\"full-specifications\">\n<tbody>\n<tr>\n<td class=\"fw6\">Tipunoodid:<\/td>\n<td>apelsin, virsik, roosa pipar, arbuus<\/td>\n<\/tr>\n<tr>\n<td class=\"fw6\">S\u00fcdamenoodid:<\/td>\n<td>lavendel, jasmiin, pat\u0161uli, roos<\/td>\n<\/tr>\n<tr>\n<td class=\"fw6\">P\u00f5hinoodid:<\/td>\n<td>kummel, muskus, tonka, vanilje<\/td>\n<\/tr>\n<\/tbody>\n<\/table>\n<p>Efektiivsus: eemaldab t\u00f5husalt rasva, piima, vere, rohu ja muud plekid.<br \/>\nMaht: 1000ml.<\/p>\n<p>&nbsp;<\/p>\n<p>&nbsp;<\/p>\n","protected":false},"featured_media":35882,"template":"","meta":[],"product_brand":[],"product_cat":[1165],"product_tag":[],"class_list":{"0":"post-35878","1":"product","2":"type-product","3":"status-publish","4":"has-post-thumbnail","6":"product_cat-aromatic89","8":"first","9":"outofstock","10":"taxable","11":"shipping-taxable","12":"purchasable","13":"product-type-simple"},"_links":{"self":[{"href":"https:\/\/www.allforhorses.ee\/ru\/wp-json\/wp\/v2\/product\/35878","targetHints":{"allow":["GET"]}}],"collection":[{"href":"https:\/\/www.allforhorses.ee\/ru\/wp-json\/wp\/v2\/product"}],"about":[{"href":"https:\/\/www.allforhorses.ee\/ru\/wp-json\/wp\/v2\/types\/product"}],"wp:featuredmedia":[{"embeddable":true,"href":"https:\/\/www.allforhorses.ee\/ru\/wp-json\/wp\/v2\/media\/35882"}],"wp:attachment":[{"href":"https:\/\/www.allforhorses.ee\/ru\/wp-json\/wp\/v2\/media?parent=35878"}],"wp:term":[{"taxonomy":"product_brand","embeddable":true,"href":"https:\/\/www.allforhorses.ee\/ru\/wp-json\/wp\/v2\/product_brand?post=35878"},{"taxonomy":"product_cat","embeddable":true,"href":"https:\/\/www.allforhorses.ee\/ru\/wp-json\/wp\/v2\/product_cat?post=35878"},{"taxonomy":"product_tag","embeddable":true,"href":"https:\/\/www.allforhorses.ee\/ru\/wp-json\/wp\/v2\/product_tag?post=35878"}],"curies":[{"name":"wp","href":"https:\/\/api.w.org\/{rel}","templated":true}]}}