{"id":34684,"date":"2023-11-21T18:53:02","date_gmt":"2023-11-21T18:53:02","guid":{"rendered":"https:\/\/www.allforhorses.ee\/?post_type=product&#038;p=34684"},"modified":"2024-07-24T11:03:18","modified_gmt":"2024-07-24T11:03:18","slug":"hkm-taisgrippidega-ratsapuksid-lavender-bay","status":"publish","type":"product","link":"https:\/\/www.allforhorses.ee\/ru\/toode\/hkm-taisgrippidega-ratsapuksid-lavender-bay\/","title":{"rendered":"HKM T\u00e4isgrippidega Ratsap\u00fcksid &#171;Lavender Bay&#187;"},"content":{"rendered":"","protected":false},"excerpt":{"rendered":"<p><strong>HKM T\u00e4isgrippidega Ratsap\u00fcksid full grip <\/strong>on mugavad elastsed s\u00e4\u00e4re allosad, 2 esik\u00fcljetaskut, telefoni tasku. Silikoon kogu istmikul hoiab turvaliselt sadulas.<br \/>\nMaterjal: 90% nailon, 10% elastaan.<br \/>\nMasinpestav sarnaste toonidega 30 kraadiga.<\/p>\n<p><em>Tarne 10-14 t\u00f6\u00f6p\u00e4eva.<\/em><\/p>\n<p>&nbsp;<\/p>\n","protected":false},"featured_media":34700,"template":"","meta":[],"product_brand":[],"product_cat":[109,114,115],"product_tag":[],"class_list":{"0":"post-34684","1":"product","2":"type-product","3":"status-publish","4":"has-post-thumbnail","6":"product_cat-ratsariided","7":"product_cat-ratsapuksid","8":"product_cat-naiste-ratsapuksid","10":"first","11":"instock","12":"taxable","13":"shipping-taxable","14":"purchasable","15":"product-type-variable"},"_links":{"self":[{"href":"https:\/\/www.allforhorses.ee\/ru\/wp-json\/wp\/v2\/product\/34684","targetHints":{"allow":["GET"]}}],"collection":[{"href":"https:\/\/www.allforhorses.ee\/ru\/wp-json\/wp\/v2\/product"}],"about":[{"href":"https:\/\/www.allforhorses.ee\/ru\/wp-json\/wp\/v2\/types\/product"}],"wp:featuredmedia":[{"embeddable":true,"href":"https:\/\/www.allforhorses.ee\/ru\/wp-json\/wp\/v2\/media\/34700"}],"wp:attachment":[{"href":"https:\/\/www.allforhorses.ee\/ru\/wp-json\/wp\/v2\/media?parent=34684"}],"wp:term":[{"taxonomy":"product_brand","embeddable":true,"href":"https:\/\/www.allforhorses.ee\/ru\/wp-json\/wp\/v2\/product_brand?post=34684"},{"taxonomy":"product_cat","embeddable":true,"href":"https:\/\/www.allforhorses.ee\/ru\/wp-json\/wp\/v2\/product_cat?post=34684"},{"taxonomy":"product_tag","embeddable":true,"href":"https:\/\/www.allforhorses.ee\/ru\/wp-json\/wp\/v2\/product_tag?post=34684"}],"curies":[{"name":"wp","href":"https:\/\/api.w.org\/{rel}","templated":true}]}}