{"id":34652,"date":"2023-11-17T11:06:52","date_gmt":"2023-11-17T11:06:52","guid":{"rendered":"https:\/\/www.allforhorses.ee\/?post_type=product&#038;p=34652"},"modified":"2026-04-02T07:32:00","modified_gmt":"2026-04-02T07:32:00","slug":"hkm-western-sadulavoo","status":"publish","type":"product","link":"https:\/\/www.allforhorses.ee\/ru\/toode\/hkm-western-sadulavoo\/","title":{"rendered":"HKM Western Sadulav\u00f6\u00f6"},"content":{"rendered":"","protected":false},"excerpt":{"rendered":"<p><b>HKM Western Sadulav\u00f6\u00f6 (softopren) <\/b>on tehtud hingavast ja tugevast materjalist. Sadulav\u00f6\u00f6l on suured, lamedad, vastupidavad pandlad, mis on valmistatud roostevabast terasest.<br \/>\nMasinpestav 30 kraadiga.<\/p>\n<p><em>Tarne 10-14 t\u00f6\u00f6p\u00e4eva.<\/em><\/p>\n<p>&nbsp;<\/p>\n","protected":false},"featured_media":34671,"template":"","meta":[],"product_brand":[],"product_cat":[158,196,198],"product_tag":[],"class_list":{"0":"post-34652","1":"product","2":"type-product","3":"status-publish","4":"has-post-thumbnail","6":"product_cat-hobusele","7":"product_cat-sadulavood","8":"product_cat-neopreenist-sadulavood","10":"first","11":"instock","12":"taxable","13":"shipping-taxable","14":"purchasable","15":"product-type-variable"},"_links":{"self":[{"href":"https:\/\/www.allforhorses.ee\/ru\/wp-json\/wp\/v2\/product\/34652","targetHints":{"allow":["GET"]}}],"collection":[{"href":"https:\/\/www.allforhorses.ee\/ru\/wp-json\/wp\/v2\/product"}],"about":[{"href":"https:\/\/www.allforhorses.ee\/ru\/wp-json\/wp\/v2\/types\/product"}],"wp:featuredmedia":[{"embeddable":true,"href":"https:\/\/www.allforhorses.ee\/ru\/wp-json\/wp\/v2\/media\/34671"}],"wp:attachment":[{"href":"https:\/\/www.allforhorses.ee\/ru\/wp-json\/wp\/v2\/media?parent=34652"}],"wp:term":[{"taxonomy":"product_brand","embeddable":true,"href":"https:\/\/www.allforhorses.ee\/ru\/wp-json\/wp\/v2\/product_brand?post=34652"},{"taxonomy":"product_cat","embeddable":true,"href":"https:\/\/www.allforhorses.ee\/ru\/wp-json\/wp\/v2\/product_cat?post=34652"},{"taxonomy":"product_tag","embeddable":true,"href":"https:\/\/www.allforhorses.ee\/ru\/wp-json\/wp\/v2\/product_tag?post=34652"}],"curies":[{"name":"wp","href":"https:\/\/api.w.org\/{rel}","templated":true}]}}