{"id":34637,"date":"2023-11-17T11:03:38","date_gmt":"2023-11-17T11:03:38","guid":{"rendered":"https:\/\/www.allforhorses.ee\/?post_type=product&#038;p=34637"},"modified":"2025-11-01T12:43:12","modified_gmt":"2025-11-01T12:43:12","slug":"hkm-western-pehmendusega-sadulavoo-teddy","status":"publish","type":"product","link":"https:\/\/www.allforhorses.ee\/ru\/toode\/hkm-western-pehmendusega-sadulavoo-teddy\/","title":{"rendered":"HKM Western Pehmendusega Sadulav\u00f6\u00f6 &#171;Teddy&#187;"},"content":{"rendered":"","protected":false},"excerpt":{"rendered":"<p><b>HKM Western Pehmendusega Sadulav\u00f6\u00f6 &#171;Teddy&#187;(softopren) <\/b>on tehtud hingavast ja tugevast materjalist. On kunstkarvast pehmendus. Sadulav\u00f6\u00f6l on suured, lamedad, vastupidavad pandlad, mis on valmistatud roostevabast terasest.<\/p>\n<p><em>Tarne 10-14 t\u00f6\u00f6p\u00e4eva.<\/em><\/p>\n<p>&nbsp;<\/p>\n","protected":false},"featured_media":34648,"template":"","meta":[],"product_brand":[],"product_cat":[158,196,201],"product_tag":[],"class_list":{"0":"post-34637","1":"product","2":"type-product","3":"status-publish","4":"has-post-thumbnail","6":"product_cat-hobusele","7":"product_cat-sadulavood","8":"product_cat-karvase-voodriga-sadulavood","10":"first","11":"instock","12":"taxable","13":"shipping-taxable","14":"purchasable","15":"product-type-variable"},"_links":{"self":[{"href":"https:\/\/www.allforhorses.ee\/ru\/wp-json\/wp\/v2\/product\/34637","targetHints":{"allow":["GET"]}}],"collection":[{"href":"https:\/\/www.allforhorses.ee\/ru\/wp-json\/wp\/v2\/product"}],"about":[{"href":"https:\/\/www.allforhorses.ee\/ru\/wp-json\/wp\/v2\/types\/product"}],"wp:featuredmedia":[{"embeddable":true,"href":"https:\/\/www.allforhorses.ee\/ru\/wp-json\/wp\/v2\/media\/34648"}],"wp:attachment":[{"href":"https:\/\/www.allforhorses.ee\/ru\/wp-json\/wp\/v2\/media?parent=34637"}],"wp:term":[{"taxonomy":"product_brand","embeddable":true,"href":"https:\/\/www.allforhorses.ee\/ru\/wp-json\/wp\/v2\/product_brand?post=34637"},{"taxonomy":"product_cat","embeddable":true,"href":"https:\/\/www.allforhorses.ee\/ru\/wp-json\/wp\/v2\/product_cat?post=34637"},{"taxonomy":"product_tag","embeddable":true,"href":"https:\/\/www.allforhorses.ee\/ru\/wp-json\/wp\/v2\/product_tag?post=34637"}],"curies":[{"name":"wp","href":"https:\/\/api.w.org\/{rel}","templated":true}]}}