{"id":34441,"date":"2023-11-06T12:27:59","date_gmt":"2023-11-06T12:27:59","guid":{"rendered":"https:\/\/www.allforhorses.ee\/?post_type=product&#038;p=34441"},"modified":"2025-01-03T12:54:21","modified_gmt":"2025-01-03T12:54:21","slug":"hkm-karbsemuts-romy","status":"publish","type":"product","link":"https:\/\/www.allforhorses.ee\/ru\/toode\/hkm-karbsemuts-romy\/","title":{"rendered":"HKM K\u00e4rbsem\u00fcts &#171;Romy&#187;"},"content":{"rendered":"","protected":false},"excerpt":{"rendered":"<p><strong>HKM K\u00e4rbsem\u00fcts\u00a0<\/strong>kaitseb hobuse tundlikke k\u00f5rvu t\u00fc\u00fctute ja hammustavate putukate eest.<br \/>\nMasinpestav 30 kraadise veeprogrammiga. Sobib pesukuivatisse.<\/p>\n<p><em>Tarne 10-14 t\u00f6\u00f6p\u00e4eva.<\/p>\n<p><\/em><\/p>\n<p><em>\u00a0<\/em><\/p>\n","protected":false},"featured_media":34461,"template":"","meta":[],"product_brand":[],"product_cat":[158,204,208],"product_tag":[],"class_list":{"0":"post-34441","1":"product","2":"type-product","3":"status-publish","4":"has-post-thumbnail","6":"product_cat-hobusele","7":"product_cat-putukatorje-vahendid","8":"product_cat-karbsemutsid","10":"first","11":"instock","12":"taxable","13":"shipping-taxable","14":"purchasable","15":"product-type-variable"},"_links":{"self":[{"href":"https:\/\/www.allforhorses.ee\/ru\/wp-json\/wp\/v2\/product\/34441","targetHints":{"allow":["GET"]}}],"collection":[{"href":"https:\/\/www.allforhorses.ee\/ru\/wp-json\/wp\/v2\/product"}],"about":[{"href":"https:\/\/www.allforhorses.ee\/ru\/wp-json\/wp\/v2\/types\/product"}],"wp:featuredmedia":[{"embeddable":true,"href":"https:\/\/www.allforhorses.ee\/ru\/wp-json\/wp\/v2\/media\/34461"}],"wp:attachment":[{"href":"https:\/\/www.allforhorses.ee\/ru\/wp-json\/wp\/v2\/media?parent=34441"}],"wp:term":[{"taxonomy":"product_brand","embeddable":true,"href":"https:\/\/www.allforhorses.ee\/ru\/wp-json\/wp\/v2\/product_brand?post=34441"},{"taxonomy":"product_cat","embeddable":true,"href":"https:\/\/www.allforhorses.ee\/ru\/wp-json\/wp\/v2\/product_cat?post=34441"},{"taxonomy":"product_tag","embeddable":true,"href":"https:\/\/www.allforhorses.ee\/ru\/wp-json\/wp\/v2\/product_tag?post=34441"}],"curies":[{"name":"wp","href":"https:\/\/api.w.org\/{rel}","templated":true}]}}