{"id":33984,"date":"2023-10-23T15:44:01","date_gmt":"2023-10-23T15:44:01","guid":{"rendered":"https:\/\/www.allforhorses.ee\/?post_type=product&#038;p=33984"},"modified":"2024-12-20T14:04:12","modified_gmt":"2024-12-20T14:04:12","slug":"hkm-soojendava-patareiga-jope-keep-warm","status":"publish","type":"product","link":"https:\/\/www.allforhorses.ee\/ru\/toode\/hkm-soojendava-patareiga-jope-keep-warm\/","title":{"rendered":"HKM Soojendava Patareiga Jope &#171;Keep Warm&#187;"},"content":{"rendered":"","protected":false},"excerpt":{"rendered":"<p><strong>HKM\u00a0soojendava patareiga jope\u00a0<\/strong>on soojenduss\u00fcsteemiga. Soojust saab v\u00e4ljapoolt reguleerida. Soojendab kuni 3 tundi. Elastne v\u00f6\u00f6koht,\u00a0kerge soojahoidev vahevooder,\u00a0kaks taskut esik\u00fcljel.<br \/>\nKomplektis on akupank.<br \/>\nMasinpestav \u00f5rna vee programmiga. Enne pesemist eemalda aku. Ei tohi triikida.<br \/>\nMaterjal: 100% pol\u00fcester.<\/p>\n<p><em>HKM Jope &#171;Keep Warm&#187; on ainult ettetellimisel(tarne u 14 t\u00f6\u00f6p\u00e4eva).<\/em><\/p>\n","protected":false},"featured_media":34003,"template":"","meta":[],"product_brand":[],"product_cat":[109,122,123,124],"product_tag":[],"class_list":{"0":"post-33984","1":"product","2":"type-product","3":"status-publish","4":"has-post-thumbnail","6":"product_cat-ratsariided","7":"product_cat-ratsajoped-ja-vestid","8":"product_cat-ratsajoped-ja-mantlid","9":"product_cat-ratsavestid","11":"first","12":"instock","13":"taxable","14":"shipping-taxable","15":"purchasable","16":"product-type-variable"},"_links":{"self":[{"href":"https:\/\/www.allforhorses.ee\/ru\/wp-json\/wp\/v2\/product\/33984","targetHints":{"allow":["GET"]}}],"collection":[{"href":"https:\/\/www.allforhorses.ee\/ru\/wp-json\/wp\/v2\/product"}],"about":[{"href":"https:\/\/www.allforhorses.ee\/ru\/wp-json\/wp\/v2\/types\/product"}],"wp:featuredmedia":[{"embeddable":true,"href":"https:\/\/www.allforhorses.ee\/ru\/wp-json\/wp\/v2\/media\/34003"}],"wp:attachment":[{"href":"https:\/\/www.allforhorses.ee\/ru\/wp-json\/wp\/v2\/media?parent=33984"}],"wp:term":[{"taxonomy":"product_brand","embeddable":true,"href":"https:\/\/www.allforhorses.ee\/ru\/wp-json\/wp\/v2\/product_brand?post=33984"},{"taxonomy":"product_cat","embeddable":true,"href":"https:\/\/www.allforhorses.ee\/ru\/wp-json\/wp\/v2\/product_cat?post=33984"},{"taxonomy":"product_tag","embeddable":true,"href":"https:\/\/www.allforhorses.ee\/ru\/wp-json\/wp\/v2\/product_tag?post=33984"}],"curies":[{"name":"wp","href":"https:\/\/api.w.org\/{rel}","templated":true}]}}