{"id":3398,"date":"2019-03-07T09:18:35","date_gmt":"2019-03-07T09:18:35","guid":{"rendered":"https:\/\/www.allforhorses.ee\/?post_type=product&#038;p=3398"},"modified":"2024-06-11T09:56:09","modified_gmt":"2024-06-11T09:56:09","slug":"hkm-nahast-saarised-killarney","status":"publish","type":"product","link":"https:\/\/www.allforhorses.ee\/ru\/toode\/hkm-nahast-saarised-killarney\/","title":{"rendered":"HKM Nahast S\u00e4\u00e4rised &#171;Killarney&#187;"},"content":{"rendered":"","protected":false},"excerpt":{"rendered":"<p><strong>HKM Nahast S\u00e4\u00e4rised <\/strong>on vastupidavad ja tugevad. Kvaliteetne nahk. Tagalukk, trukiga kinnitatav lukusulgur ei lase sellel lahti minna.<\/p>\n<p>H\u00e4sti sobivad koos <a href=\"https:\/\/www.allforhorses.ee\/toode\/hkm-poolsaapad-killarney\/\">HKM Poolsaapad<\/a><\/p>\n<p><em>Tarneaeg 10-14 t\u00f6\u00f6p\u00e4eva.<\/em><\/p>\n","protected":false},"featured_media":25490,"template":"","meta":[],"product_brand":[],"product_cat":[109,134,135],"product_tag":[],"class_list":{"0":"post-3398","1":"product","2":"type-product","3":"status-publish","4":"has-post-thumbnail","6":"product_cat-ratsariided","7":"product_cat-saarised","8":"product_cat-nahast-saarised","10":"first","11":"instock","12":"taxable","13":"shipping-taxable","14":"purchasable","15":"product-type-variable"},"_links":{"self":[{"href":"https:\/\/www.allforhorses.ee\/ru\/wp-json\/wp\/v2\/product\/3398","targetHints":{"allow":["GET"]}}],"collection":[{"href":"https:\/\/www.allforhorses.ee\/ru\/wp-json\/wp\/v2\/product"}],"about":[{"href":"https:\/\/www.allforhorses.ee\/ru\/wp-json\/wp\/v2\/types\/product"}],"wp:featuredmedia":[{"embeddable":true,"href":"https:\/\/www.allforhorses.ee\/ru\/wp-json\/wp\/v2\/media\/25490"}],"wp:attachment":[{"href":"https:\/\/www.allforhorses.ee\/ru\/wp-json\/wp\/v2\/media?parent=3398"}],"wp:term":[{"taxonomy":"product_brand","embeddable":true,"href":"https:\/\/www.allforhorses.ee\/ru\/wp-json\/wp\/v2\/product_brand?post=3398"},{"taxonomy":"product_cat","embeddable":true,"href":"https:\/\/www.allforhorses.ee\/ru\/wp-json\/wp\/v2\/product_cat?post=3398"},{"taxonomy":"product_tag","embeddable":true,"href":"https:\/\/www.allforhorses.ee\/ru\/wp-json\/wp\/v2\/product_tag?post=3398"}],"curies":[{"name":"wp","href":"https:\/\/api.w.org\/{rel}","templated":true}]}}