{"id":33939,"date":"2023-10-23T15:03:25","date_gmt":"2023-10-23T15:03:25","guid":{"rendered":"https:\/\/www.allforhorses.ee\/?post_type=product&#038;p=33939"},"modified":"2023-10-23T15:40:41","modified_gmt":"2023-10-23T15:40:41","slug":"hkm-soojendava-patareiga-ratsamantel-elegant","status":"publish","type":"product","link":"https:\/\/www.allforhorses.ee\/ru\/toode\/hkm-soojendava-patareiga-ratsamantel-elegant\/","title":{"rendered":"HKM Soojendava Patareiga Ratsamantel &#171;Elegant&#187;"},"content":{"rendered":"","protected":false},"excerpt":{"rendered":"<p><strong>HKM\u00a0soojendava patareiga mantel\u00a0&#171;Elegant&#187; <\/strong>on soojenduss\u00fcsteemiga, vihmakindel. Soojust saab v\u00e4ljapoolt reguleerida. Soojendab kuni 4 tundi. Eemaldatav kapuuts, lukkudega taskud,\u00a0kaksipidik\u00e4iv t\u00f5mblukk,\u00a0sisse\u00f5mmeldud kootud varrukaotsad, taljessehoidev kuju. Helkuritega.<br \/>\nKomplektis on akupank\u00a010.000mAh\/5V-2A.<br \/>\nUSB-ga laetav.<br \/>\nMasinpestav \u00f5rna vee programmiga. Enne pesemist eemalda aku. Ei tohi triikida.<br \/>\nMaterjal: 100% pol\u00fcester.<\/p>\n<p><em>HKM Mantel &#171;Elegant&#187; on ainult ettetellimisel(tarne u 14 t\u00f6\u00f6p\u00e4eva).<\/em><\/p>\n","protected":false},"featured_media":33963,"template":"","meta":[],"product_brand":[],"product_cat":[109,122,123,124],"product_tag":[],"class_list":{"0":"post-33939","1":"product","2":"type-product","3":"status-publish","4":"has-post-thumbnail","6":"product_cat-ratsariided","7":"product_cat-ratsajoped-ja-vestid","8":"product_cat-ratsajoped-ja-mantlid","9":"product_cat-ratsavestid","11":"first","12":"instock","13":"taxable","14":"shipping-taxable","15":"purchasable","16":"product-type-variable"},"_links":{"self":[{"href":"https:\/\/www.allforhorses.ee\/ru\/wp-json\/wp\/v2\/product\/33939","targetHints":{"allow":["GET"]}}],"collection":[{"href":"https:\/\/www.allforhorses.ee\/ru\/wp-json\/wp\/v2\/product"}],"about":[{"href":"https:\/\/www.allforhorses.ee\/ru\/wp-json\/wp\/v2\/types\/product"}],"wp:featuredmedia":[{"embeddable":true,"href":"https:\/\/www.allforhorses.ee\/ru\/wp-json\/wp\/v2\/media\/33963"}],"wp:attachment":[{"href":"https:\/\/www.allforhorses.ee\/ru\/wp-json\/wp\/v2\/media?parent=33939"}],"wp:term":[{"taxonomy":"product_brand","embeddable":true,"href":"https:\/\/www.allforhorses.ee\/ru\/wp-json\/wp\/v2\/product_brand?post=33939"},{"taxonomy":"product_cat","embeddable":true,"href":"https:\/\/www.allforhorses.ee\/ru\/wp-json\/wp\/v2\/product_cat?post=33939"},{"taxonomy":"product_tag","embeddable":true,"href":"https:\/\/www.allforhorses.ee\/ru\/wp-json\/wp\/v2\/product_tag?post=33939"}],"curies":[{"name":"wp","href":"https:\/\/api.w.org\/{rel}","templated":true}]}}