{"id":33913,"date":"2023-10-23T14:51:59","date_gmt":"2023-10-23T14:51:59","guid":{"rendered":"https:\/\/www.allforhorses.ee\/?post_type=product&#038;p=33913"},"modified":"2023-11-05T15:37:33","modified_gmt":"2023-11-05T15:37:33","slug":"hkm-ratsajope-laserquilt","status":"publish","type":"product","link":"https:\/\/www.allforhorses.ee\/ru\/toode\/hkm-ratsajope-laserquilt\/","title":{"rendered":"HKM Ratsajope &#171;Laserquilt&#187;"},"content":{"rendered":"","protected":false},"excerpt":{"rendered":"<p><strong>HKM Jope &#171;<span class=\"base\" data-ui-id=\"page-title-wrapper\">Laserquilt<\/span>&#187; <\/strong>on hingav, h\u00e4sti soe, tuulekindel.\u00a0Kaksipidik\u00e4iv t\u00f5mblukk,\u00a0p\u00f5uetasku,\u00a0kaks lukuga taskut esik\u00fcljel.<br \/>\nMasinpestav 30 kraadi juures. Ei tohi triikida.<br \/>\nMaterjal: 100% pol\u00fcester.<br \/>\nV\u00e4rv: sinine.<\/p>\n<p><em>HKM Jope &#171;Laserquilt&#187; on ainult ettetellimisel(tarne u 14 t\u00f6\u00f6p\u00e4eva).<\/em><\/p>\n","protected":false},"featured_media":33929,"template":"","meta":[],"product_brand":[],"product_cat":[109,122,123,124],"product_tag":[],"class_list":{"0":"post-33913","1":"product","2":"type-product","3":"status-publish","4":"has-post-thumbnail","6":"product_cat-ratsariided","7":"product_cat-ratsajoped-ja-vestid","8":"product_cat-ratsajoped-ja-mantlid","9":"product_cat-ratsavestid","11":"first","12":"instock","13":"taxable","14":"shipping-taxable","15":"purchasable","16":"product-type-variable"},"_links":{"self":[{"href":"https:\/\/www.allforhorses.ee\/ru\/wp-json\/wp\/v2\/product\/33913","targetHints":{"allow":["GET"]}}],"collection":[{"href":"https:\/\/www.allforhorses.ee\/ru\/wp-json\/wp\/v2\/product"}],"about":[{"href":"https:\/\/www.allforhorses.ee\/ru\/wp-json\/wp\/v2\/types\/product"}],"wp:featuredmedia":[{"embeddable":true,"href":"https:\/\/www.allforhorses.ee\/ru\/wp-json\/wp\/v2\/media\/33929"}],"wp:attachment":[{"href":"https:\/\/www.allforhorses.ee\/ru\/wp-json\/wp\/v2\/media?parent=33913"}],"wp:term":[{"taxonomy":"product_brand","embeddable":true,"href":"https:\/\/www.allforhorses.ee\/ru\/wp-json\/wp\/v2\/product_brand?post=33913"},{"taxonomy":"product_cat","embeddable":true,"href":"https:\/\/www.allforhorses.ee\/ru\/wp-json\/wp\/v2\/product_cat?post=33913"},{"taxonomy":"product_tag","embeddable":true,"href":"https:\/\/www.allforhorses.ee\/ru\/wp-json\/wp\/v2\/product_tag?post=33913"}],"curies":[{"name":"wp","href":"https:\/\/api.w.org\/{rel}","templated":true}]}}