{"id":33803,"date":"2023-10-23T09:51:50","date_gmt":"2023-10-23T09:51:50","guid":{"rendered":"https:\/\/www.allforhorses.ee\/?post_type=product&#038;p=33803"},"modified":"2023-11-20T07:43:24","modified_gmt":"2023-11-20T07:43:24","slug":"hkm-veekindel-jope-hillary","status":"publish","type":"product","link":"https:\/\/www.allforhorses.ee\/ru\/toode\/hkm-veekindel-jope-hillary\/","title":{"rendered":"HKM Veekindel Jope &#171;Hillary&#187;"},"content":{"rendered":"","protected":false},"excerpt":{"rendered":"<p><strong>HKM Jope &#171;<span class=\"base\" data-ui-id=\"page-title-wrapper\">Hillary<\/span>&#187; <\/strong>on t\u00e4iesti veekindel(kuni\u00a03.000 mm). Taljesse hoidev kuju(reguleeritav v\u00f6\u00f6koht). Esik\u00fcljel on 2 taskut, p\u00f5uetasku,kaksipidik\u00e4iv t\u00f5mblukk, eemaldatav kaputs, takjakinnitustega elastsed varrukaotsad, eemaldatav v\u00f5tmehoidja .<br \/>\nMasinpestav 30 kraadi juures. Ei tohi triikida.<br \/>\nSuuruse S pikkus 88cm.<br \/>\nV\u00e4rv: must.<\/p>\n<p><em>HKM Jope &#171;Hillary&#187; on ainult ettetellimisel(tarne u 14 t\u00f6\u00f6p\u00e4eva).<\/em><\/p>\n","protected":false},"featured_media":33813,"template":"","meta":[],"product_brand":[],"product_cat":[109,122,123],"product_tag":[],"class_list":{"0":"post-33803","1":"product","2":"type-product","3":"status-publish","4":"has-post-thumbnail","6":"product_cat-ratsariided","7":"product_cat-ratsajoped-ja-vestid","8":"product_cat-ratsajoped-ja-mantlid","10":"first","11":"instock","12":"taxable","13":"shipping-taxable","14":"purchasable","15":"product-type-variable"},"_links":{"self":[{"href":"https:\/\/www.allforhorses.ee\/ru\/wp-json\/wp\/v2\/product\/33803","targetHints":{"allow":["GET"]}}],"collection":[{"href":"https:\/\/www.allforhorses.ee\/ru\/wp-json\/wp\/v2\/product"}],"about":[{"href":"https:\/\/www.allforhorses.ee\/ru\/wp-json\/wp\/v2\/types\/product"}],"wp:featuredmedia":[{"embeddable":true,"href":"https:\/\/www.allforhorses.ee\/ru\/wp-json\/wp\/v2\/media\/33813"}],"wp:attachment":[{"href":"https:\/\/www.allforhorses.ee\/ru\/wp-json\/wp\/v2\/media?parent=33803"}],"wp:term":[{"taxonomy":"product_brand","embeddable":true,"href":"https:\/\/www.allforhorses.ee\/ru\/wp-json\/wp\/v2\/product_brand?post=33803"},{"taxonomy":"product_cat","embeddable":true,"href":"https:\/\/www.allforhorses.ee\/ru\/wp-json\/wp\/v2\/product_cat?post=33803"},{"taxonomy":"product_tag","embeddable":true,"href":"https:\/\/www.allforhorses.ee\/ru\/wp-json\/wp\/v2\/product_tag?post=33803"}],"curies":[{"name":"wp","href":"https:\/\/api.w.org\/{rel}","templated":true}]}}