{"id":33743,"date":"2023-10-23T09:25:11","date_gmt":"2023-10-23T09:25:11","guid":{"rendered":"https:\/\/www.allforhorses.ee\/?post_type=product&#038;p=33743"},"modified":"2026-04-02T08:25:03","modified_gmt":"2026-04-02T08:25:03","slug":"hkm-meeste-grippidega-ratsapuksid-sportive","status":"publish","type":"product","link":"https:\/\/www.allforhorses.ee\/ru\/toode\/hkm-meeste-grippidega-ratsapuksid-sportive\/","title":{"rendered":"HKM Meeste Grippidega Ratsap\u00fcksid &#171;Sportive&#187;"},"content":{"rendered":"","protected":false},"excerpt":{"rendered":"<p><strong>HKM Meeste T\u00e4isgrippidega Ratsap\u00fcksid <\/strong>on pehmed, mugavad.<br \/>\nElastne s\u00e4\u00e4reosa. 2 taskut ees.<br \/>\n88% nailon ja 12% elastaan.<br \/>\nMasinpestav pahempidi 30 kraadiga. Mitte kasutada kuivatit ega pesupehmendit.<\/p>\n<p>V\u00e4rv: valge, sinine.<\/p>\n<p><em>Tarne 10-14 t\u00f6\u00f6p\u00e4eva.<\/em><\/p>\n<p>&nbsp;<\/p>\n<p>&nbsp;<\/p>\n","protected":false},"featured_media":48273,"template":"","meta":[],"product_brand":[],"product_cat":[735,109,114,116],"product_tag":[],"class_list":{"0":"post-33743","1":"product","2":"type-product","3":"status-publish","4":"has-post-thumbnail","6":"product_cat-allahindlus","7":"product_cat-ratsariided","8":"product_cat-ratsapuksid","9":"product_cat-meeste-ratsapuksid","11":"first","12":"instock","13":"taxable","14":"shipping-taxable","15":"purchasable","16":"product-type-variable"},"_links":{"self":[{"href":"https:\/\/www.allforhorses.ee\/ru\/wp-json\/wp\/v2\/product\/33743","targetHints":{"allow":["GET"]}}],"collection":[{"href":"https:\/\/www.allforhorses.ee\/ru\/wp-json\/wp\/v2\/product"}],"about":[{"href":"https:\/\/www.allforhorses.ee\/ru\/wp-json\/wp\/v2\/types\/product"}],"wp:featuredmedia":[{"embeddable":true,"href":"https:\/\/www.allforhorses.ee\/ru\/wp-json\/wp\/v2\/media\/48273"}],"wp:attachment":[{"href":"https:\/\/www.allforhorses.ee\/ru\/wp-json\/wp\/v2\/media?parent=33743"}],"wp:term":[{"taxonomy":"product_brand","embeddable":true,"href":"https:\/\/www.allforhorses.ee\/ru\/wp-json\/wp\/v2\/product_brand?post=33743"},{"taxonomy":"product_cat","embeddable":true,"href":"https:\/\/www.allforhorses.ee\/ru\/wp-json\/wp\/v2\/product_cat?post=33743"},{"taxonomy":"product_tag","embeddable":true,"href":"https:\/\/www.allforhorses.ee\/ru\/wp-json\/wp\/v2\/product_tag?post=33743"}],"curies":[{"name":"wp","href":"https:\/\/api.w.org\/{rel}","templated":true}]}}