{"id":33712,"date":"2023-10-23T09:15:16","date_gmt":"2023-10-23T09:15:16","guid":{"rendered":"https:\/\/www.allforhorses.ee\/?post_type=product&#038;p=33712"},"modified":"2026-04-02T08:20:12","modified_gmt":"2026-04-02T08:20:12","slug":"hkm-meeste-ratsapuksid-helsinki","status":"publish","type":"product","link":"https:\/\/www.allforhorses.ee\/ru\/toode\/hkm-meeste-ratsapuksid-helsinki\/","title":{"rendered":"HKM Meeste Ratsap\u00fcksid &#171;Helsinki&#187;"},"content":{"rendered":"","protected":false},"excerpt":{"rendered":"<p><strong>HKM Meeste T\u00e4isnahkadega Ratsap\u00fcksid <\/strong>on pehmed, mugavad ja venivad.<br \/>\nTihedast tekstiilist t\u00e4isnahast osa (elastne alos-materjal). Elastne s\u00e4\u00e4reosa. 2 taskut ees, 2 taga.<br \/>\n95% puuvill ja 5% elastaan.<br \/>\nMasinpestav pahempidi 30 kraadiga. Mitte kasutada kuivatit ega pesupehmendit.<\/p>\n<p><em>Tarne 10-14 t\u00f6\u00f6p\u00e4eva.<\/em><\/p>\n<p>&nbsp;<\/p>\n<p>&nbsp;<\/p>\n","protected":false},"featured_media":33720,"template":"","meta":[],"product_brand":[],"product_cat":[109,114,116],"product_tag":[],"class_list":{"0":"post-33712","1":"product","2":"type-product","3":"status-publish","4":"has-post-thumbnail","6":"product_cat-ratsariided","7":"product_cat-ratsapuksid","8":"product_cat-meeste-ratsapuksid","10":"first","11":"outofstock","12":"taxable","13":"shipping-taxable","14":"purchasable","15":"product-type-variable"},"_links":{"self":[{"href":"https:\/\/www.allforhorses.ee\/ru\/wp-json\/wp\/v2\/product\/33712","targetHints":{"allow":["GET"]}}],"collection":[{"href":"https:\/\/www.allforhorses.ee\/ru\/wp-json\/wp\/v2\/product"}],"about":[{"href":"https:\/\/www.allforhorses.ee\/ru\/wp-json\/wp\/v2\/types\/product"}],"wp:featuredmedia":[{"embeddable":true,"href":"https:\/\/www.allforhorses.ee\/ru\/wp-json\/wp\/v2\/media\/33720"}],"wp:attachment":[{"href":"https:\/\/www.allforhorses.ee\/ru\/wp-json\/wp\/v2\/media?parent=33712"}],"wp:term":[{"taxonomy":"product_brand","embeddable":true,"href":"https:\/\/www.allforhorses.ee\/ru\/wp-json\/wp\/v2\/product_brand?post=33712"},{"taxonomy":"product_cat","embeddable":true,"href":"https:\/\/www.allforhorses.ee\/ru\/wp-json\/wp\/v2\/product_cat?post=33712"},{"taxonomy":"product_tag","embeddable":true,"href":"https:\/\/www.allforhorses.ee\/ru\/wp-json\/wp\/v2\/product_tag?post=33712"}],"curies":[{"name":"wp","href":"https:\/\/api.w.org\/{rel}","templated":true}]}}