{"id":33384,"date":"2023-10-22T09:50:29","date_gmt":"2023-10-22T09:50:29","guid":{"rendered":"https:\/\/www.allforhorses.ee\/?post_type=product&#038;p=33384"},"modified":"2025-02-28T12:38:41","modified_gmt":"2025-02-28T12:38:41","slug":"equigold-premium-sampoon500ml","status":"publish","type":"product","link":"https:\/\/www.allforhorses.ee\/ru\/toode\/equigold-premium-sampoon500ml\/","title":{"rendered":"Equigold Premium \u0160ampoon(500ml)"},"content":{"rendered":"","protected":false},"excerpt":{"rendered":"<p class=\"product-title has-border-bottom\"><strong>Equigold\u00ae Premium<\/strong> <strong>\u0160ampoon <\/strong>s\u00fcvapuhastav \u0161ampoon, mis annab karvale l\u00e4ike.<br \/>\nPakend: 500ml.<\/p>\n","protected":false},"featured_media":33386,"template":"","meta":[],"product_brand":[],"product_cat":[158,171,172,259],"product_tag":[],"class_list":{"0":"post-33384","1":"product","2":"type-product","3":"status-publish","4":"has-post-thumbnail","6":"product_cat-hobusele","7":"product_cat-saba-lakk-ja-karvkate","8":"product_cat-sampoon","9":"product_cat-hobuste-tervisehoid","11":"first","12":"outofstock","13":"taxable","14":"shipping-taxable","15":"purchasable","16":"product-type-simple"},"_links":{"self":[{"href":"https:\/\/www.allforhorses.ee\/ru\/wp-json\/wp\/v2\/product\/33384","targetHints":{"allow":["GET"]}}],"collection":[{"href":"https:\/\/www.allforhorses.ee\/ru\/wp-json\/wp\/v2\/product"}],"about":[{"href":"https:\/\/www.allforhorses.ee\/ru\/wp-json\/wp\/v2\/types\/product"}],"wp:featuredmedia":[{"embeddable":true,"href":"https:\/\/www.allforhorses.ee\/ru\/wp-json\/wp\/v2\/media\/33386"}],"wp:attachment":[{"href":"https:\/\/www.allforhorses.ee\/ru\/wp-json\/wp\/v2\/media?parent=33384"}],"wp:term":[{"taxonomy":"product_brand","embeddable":true,"href":"https:\/\/www.allforhorses.ee\/ru\/wp-json\/wp\/v2\/product_brand?post=33384"},{"taxonomy":"product_cat","embeddable":true,"href":"https:\/\/www.allforhorses.ee\/ru\/wp-json\/wp\/v2\/product_cat?post=33384"},{"taxonomy":"product_tag","embeddable":true,"href":"https:\/\/www.allforhorses.ee\/ru\/wp-json\/wp\/v2\/product_tag?post=33384"}],"curies":[{"name":"wp","href":"https:\/\/api.w.org\/{rel}","templated":true}]}}