{"id":33379,"date":"2023-10-22T09:46:58","date_gmt":"2023-10-22T09:46:58","guid":{"rendered":"https:\/\/www.allforhorses.ee\/?post_type=product&#038;p=33379"},"modified":"2025-11-25T13:55:55","modified_gmt":"2025-11-25T13:55:55","slug":"equistar-sadelev-saba-ja-lakasprei750ml-2","status":"publish","type":"product","link":"https:\/\/www.allforhorses.ee\/ru\/toode\/equistar-sadelev-saba-ja-lakasprei750ml-2\/","title":{"rendered":"Equistar S\u00e4delev Saba- ja Lakasprei(750ml)"},"content":{"rendered":"","protected":false},"excerpt":{"rendered":"<p><strong>Equistar S\u00e4delev Saba- ja Lakasprei <\/strong>paneb saba, laka ja karvkatte s\u00e4delema.Annab karvale kaitsekihi, mis ei lase mustusel koguneda.\u00a0Saba p\u00fcsib pusade vaba kuni 12 p\u00e4eva. Sobib ka v\u00e4ga tundlikutele hobustele.<\/p>\n<p>Suurus: 750ml<\/p>\n<p>750ml pudelitele on ka\u00a0<a href=\"https:\/\/www.allforhorses.ee\/toode\/sprayer-for-500ml-and-750ml-bottles\/\">Sprayer for 500ml and 750ml bottles<\/a><\/p>\n","protected":false},"featured_media":33381,"template":"","meta":[],"product_brand":[],"product_cat":[158,792,159,171],"product_tag":[],"class_list":{"0":"post-33379","1":"product","2":"type-product","3":"status-publish","4":"has-post-thumbnail","6":"product_cat-hobusele","7":"product_cat-saba-ja-lakapalsam","8":"product_cat-hobuste-hooldusvahendid","9":"product_cat-saba-lakk-ja-karvkate","11":"first","12":"instock","13":"taxable","14":"shipping-taxable","15":"purchasable","16":"product-type-simple"},"_links":{"self":[{"href":"https:\/\/www.allforhorses.ee\/ru\/wp-json\/wp\/v2\/product\/33379","targetHints":{"allow":["GET"]}}],"collection":[{"href":"https:\/\/www.allforhorses.ee\/ru\/wp-json\/wp\/v2\/product"}],"about":[{"href":"https:\/\/www.allforhorses.ee\/ru\/wp-json\/wp\/v2\/types\/product"}],"wp:featuredmedia":[{"embeddable":true,"href":"https:\/\/www.allforhorses.ee\/ru\/wp-json\/wp\/v2\/media\/33381"}],"wp:attachment":[{"href":"https:\/\/www.allforhorses.ee\/ru\/wp-json\/wp\/v2\/media?parent=33379"}],"wp:term":[{"taxonomy":"product_brand","embeddable":true,"href":"https:\/\/www.allforhorses.ee\/ru\/wp-json\/wp\/v2\/product_brand?post=33379"},{"taxonomy":"product_cat","embeddable":true,"href":"https:\/\/www.allforhorses.ee\/ru\/wp-json\/wp\/v2\/product_cat?post=33379"},{"taxonomy":"product_tag","embeddable":true,"href":"https:\/\/www.allforhorses.ee\/ru\/wp-json\/wp\/v2\/product_tag?post=33379"}],"curies":[{"name":"wp","href":"https:\/\/api.w.org\/{rel}","templated":true}]}}