{"id":3323,"date":"2019-03-06T08:20:41","date_gmt":"2019-03-06T08:20:41","guid":{"rendered":"https:\/\/www.allforhorses.ee\/?post_type=product&#038;p=3323"},"modified":"2023-03-01T19:35:38","modified_gmt":"2023-03-01T19:35:38","slug":"plastikjalused","status":"publish","type":"product","link":"https:\/\/www.allforhorses.ee\/ru\/toode\/plastikjalused\/","title":{"rendered":"Plastikjalused"},"content":{"rendered":"","protected":false},"excerpt":{"rendered":"<p><b>Plastikjalused\u00a0<\/b>on kvaliteetsed ja \u00fclitugevad ning ei vaja mingit hoolt. Materjal s\u00e4ilitab kuju ja stabiilsuse kuni -20 k\u00fclmakraadini.<\/p>\n<p>Suurus: Full.<\/p>\n","protected":false},"featured_media":3325,"template":"","meta":[],"product_brand":[],"product_cat":[158,190,191,193],"product_tag":[],"class_list":{"0":"post-3323","1":"product","2":"type-product","3":"status-publish","4":"has-post-thumbnail","6":"product_cat-hobusele","7":"product_cat-jalused-ja-jaluserihmad","8":"product_cat-jalused","9":"product_cat-plastikjalused","11":"first","12":"instock","13":"taxable","14":"shipping-taxable","15":"purchasable","16":"product-type-simple"},"_links":{"self":[{"href":"https:\/\/www.allforhorses.ee\/ru\/wp-json\/wp\/v2\/product\/3323","targetHints":{"allow":["GET"]}}],"collection":[{"href":"https:\/\/www.allforhorses.ee\/ru\/wp-json\/wp\/v2\/product"}],"about":[{"href":"https:\/\/www.allforhorses.ee\/ru\/wp-json\/wp\/v2\/types\/product"}],"wp:featuredmedia":[{"embeddable":true,"href":"https:\/\/www.allforhorses.ee\/ru\/wp-json\/wp\/v2\/media\/3325"}],"wp:attachment":[{"href":"https:\/\/www.allforhorses.ee\/ru\/wp-json\/wp\/v2\/media?parent=3323"}],"wp:term":[{"taxonomy":"product_brand","embeddable":true,"href":"https:\/\/www.allforhorses.ee\/ru\/wp-json\/wp\/v2\/product_brand?post=3323"},{"taxonomy":"product_cat","embeddable":true,"href":"https:\/\/www.allforhorses.ee\/ru\/wp-json\/wp\/v2\/product_cat?post=3323"},{"taxonomy":"product_tag","embeddable":true,"href":"https:\/\/www.allforhorses.ee\/ru\/wp-json\/wp\/v2\/product_tag?post=3323"}],"curies":[{"name":"wp","href":"https:\/\/api.w.org\/{rel}","templated":true}]}}