{"id":33003,"date":"2023-10-14T16:48:22","date_gmt":"2023-10-14T16:48:22","guid":{"rendered":"https:\/\/www.allforhorses.ee\/?post_type=product&#038;p=33003"},"modified":"2024-07-05T08:36:32","modified_gmt":"2024-07-05T08:36:32","slug":"shires-ouetekk-tempest-original-100g-600d","status":"publish","type":"product","link":"https:\/\/www.allforhorses.ee\/ru\/toode\/shires-ouetekk-tempest-original-100g-600d\/","title":{"rendered":"Shires \u00d5uetekk &#171;Tempest Original&#187; 100g, 600D"},"content":{"rendered":"","protected":false},"excerpt":{"rendered":"<p><strong>Shires \u00d5uetekk 600D, 100gr.<\/strong><span class=\"base\" data-ui-id=\"page-title-wrapper\"><br \/>\n<\/span>Tekk on hingav, vihmakindel, tuulekindel, hingav, vastupidavast materjalist.<br \/>\nReguleeritavad esik\u00fcljekinnitused, k\u00f5hualused rihmad, jalarihmad ja saba kaitse hoiavad teki ilusti paigal.<br \/>\n600D rebenemiskindel, vooder 50gr. 100% pol\u00fcester.<br \/>\nMasinpestav sarnaste toonidega 30 kraadiga. Ei sobi pesukuivatisse.<\/p>\n<p><em>Tarneaeg kuni 20 t\u00f6\u00f6p\u00e4eva.<\/em><\/p>\n<p>&nbsp;<\/p>\n","protected":false},"featured_media":33033,"template":"","meta":[],"product_brand":[],"product_cat":[158,244,246],"product_tag":[],"class_list":{"0":"post-33003","1":"product","2":"type-product","3":"status-publish","4":"has-post-thumbnail","6":"product_cat-hobusele","7":"product_cat-hobuste-tekid-tarvikud","8":"product_cat-ouetekid","10":"first","11":"instock","12":"taxable","13":"shipping-taxable","14":"purchasable","15":"product-type-variable"},"_links":{"self":[{"href":"https:\/\/www.allforhorses.ee\/ru\/wp-json\/wp\/v2\/product\/33003","targetHints":{"allow":["GET"]}}],"collection":[{"href":"https:\/\/www.allforhorses.ee\/ru\/wp-json\/wp\/v2\/product"}],"about":[{"href":"https:\/\/www.allforhorses.ee\/ru\/wp-json\/wp\/v2\/types\/product"}],"wp:featuredmedia":[{"embeddable":true,"href":"https:\/\/www.allforhorses.ee\/ru\/wp-json\/wp\/v2\/media\/33033"}],"wp:attachment":[{"href":"https:\/\/www.allforhorses.ee\/ru\/wp-json\/wp\/v2\/media?parent=33003"}],"wp:term":[{"taxonomy":"product_brand","embeddable":true,"href":"https:\/\/www.allforhorses.ee\/ru\/wp-json\/wp\/v2\/product_brand?post=33003"},{"taxonomy":"product_cat","embeddable":true,"href":"https:\/\/www.allforhorses.ee\/ru\/wp-json\/wp\/v2\/product_cat?post=33003"},{"taxonomy":"product_tag","embeddable":true,"href":"https:\/\/www.allforhorses.ee\/ru\/wp-json\/wp\/v2\/product_tag?post=33003"}],"curies":[{"name":"wp","href":"https:\/\/api.w.org\/{rel}","templated":true}]}}