{"id":32874,"date":"2023-10-14T16:32:20","date_gmt":"2023-10-14T16:32:20","guid":{"rendered":"https:\/\/www.allforhorses.ee\/?post_type=product&#038;p=32874"},"modified":"2024-07-05T08:36:34","modified_gmt":"2024-07-05T08:36:34","slug":"shires-kaelaosaga-ouetekk-typhoon-lite-combo-0g-840d","status":"publish","type":"product","link":"https:\/\/www.allforhorses.ee\/ru\/toode\/shires-kaelaosaga-ouetekk-typhoon-lite-combo-0g-840d\/","title":{"rendered":"Shires Kaelaosaga \u00d5uetekk &#171;Typhoon Lite Combo&#187; 0g, 840D"},"content":{"rendered":"","protected":false},"excerpt":{"rendered":"<p><strong>Shires Kaelaosaga \u00d5uetekk 840D, 0gr.<\/strong><span class=\"base\" data-ui-id=\"page-title-wrapper\"><br \/>\n<\/span>Tekk on hingav, vihmakindel, tuulekindel, hingav, vastupidavast materjalist.<br \/>\nReguleeritavad esik\u00fcljekinnitused, k\u00f5hualused rihmad, jalarihmad ja saba kaitse hoiavad teki ilusti paigal.<br \/>\n840D rebenemiskindel 100% pol\u00fcester.<br \/>\nMasinpestav sarnaste toonidega 30 kraadiga. Ei sobi pesukuivatisse.<\/p>\n<p><em>Tarneaeg kuni 20 t\u00f6\u00f6p\u00e4eva.<\/em><\/p>\n<p>&nbsp;<\/p>\n","protected":false},"featured_media":32904,"template":"","meta":[],"product_brand":[],"product_cat":[158,244,246],"product_tag":[],"class_list":{"0":"post-32874","1":"product","2":"type-product","3":"status-publish","4":"has-post-thumbnail","6":"product_cat-hobusele","7":"product_cat-hobuste-tekid-tarvikud","8":"product_cat-ouetekid","10":"first","11":"instock","12":"taxable","13":"shipping-taxable","14":"purchasable","15":"product-type-variable"},"_links":{"self":[{"href":"https:\/\/www.allforhorses.ee\/ru\/wp-json\/wp\/v2\/product\/32874","targetHints":{"allow":["GET"]}}],"collection":[{"href":"https:\/\/www.allforhorses.ee\/ru\/wp-json\/wp\/v2\/product"}],"about":[{"href":"https:\/\/www.allforhorses.ee\/ru\/wp-json\/wp\/v2\/types\/product"}],"wp:featuredmedia":[{"embeddable":true,"href":"https:\/\/www.allforhorses.ee\/ru\/wp-json\/wp\/v2\/media\/32904"}],"wp:attachment":[{"href":"https:\/\/www.allforhorses.ee\/ru\/wp-json\/wp\/v2\/media?parent=32874"}],"wp:term":[{"taxonomy":"product_brand","embeddable":true,"href":"https:\/\/www.allforhorses.ee\/ru\/wp-json\/wp\/v2\/product_brand?post=32874"},{"taxonomy":"product_cat","embeddable":true,"href":"https:\/\/www.allforhorses.ee\/ru\/wp-json\/wp\/v2\/product_cat?post=32874"},{"taxonomy":"product_tag","embeddable":true,"href":"https:\/\/www.allforhorses.ee\/ru\/wp-json\/wp\/v2\/product_tag?post=32874"}],"curies":[{"name":"wp","href":"https:\/\/api.w.org\/{rel}","templated":true}]}}