{"id":3249,"date":"2019-03-05T07:13:30","date_gmt":"2019-03-05T07:13:30","guid":{"rendered":"https:\/\/www.allforhorses.ee\/?post_type=product&#038;p=3249"},"modified":"2022-09-14T14:00:14","modified_gmt":"2022-09-14T14:00:14","slug":"pfiff-riputatav-amber","status":"publish","type":"product","link":"https:\/\/www.allforhorses.ee\/ru\/toode\/pfiff-riputatav-amber\/","title":{"rendered":"Pfiff Riputatav \u00c4mber"},"content":{"rendered":"","protected":false},"excerpt":{"rendered":"<p><strong>Pfiff Riputatav \u00c4mber<\/strong>\u00a0on kvaliteetne. \u00a0S\u00f6\u00f6dak\u00fcnal on metallist riputusaasad. Minimaalne risk, et hobune ennast \u00e4mbriga vigastada saab.<\/p>\n","protected":false},"featured_media":3251,"template":"","meta":[],"product_brand":[],"product_cat":[145,146,150],"product_tag":[],"class_list":{"0":"post-3249","1":"product","2":"type-product","3":"status-publish","4":"has-post-thumbnail","6":"product_cat-talli","7":"product_cat-talliambrid-ja-soodakaussid","8":"product_cat-soodakunad","10":"first","11":"outofstock","12":"taxable","13":"shipping-taxable","14":"purchasable","15":"product-type-variable"},"_links":{"self":[{"href":"https:\/\/www.allforhorses.ee\/ru\/wp-json\/wp\/v2\/product\/3249","targetHints":{"allow":["GET"]}}],"collection":[{"href":"https:\/\/www.allforhorses.ee\/ru\/wp-json\/wp\/v2\/product"}],"about":[{"href":"https:\/\/www.allforhorses.ee\/ru\/wp-json\/wp\/v2\/types\/product"}],"wp:featuredmedia":[{"embeddable":true,"href":"https:\/\/www.allforhorses.ee\/ru\/wp-json\/wp\/v2\/media\/3251"}],"wp:attachment":[{"href":"https:\/\/www.allforhorses.ee\/ru\/wp-json\/wp\/v2\/media?parent=3249"}],"wp:term":[{"taxonomy":"product_brand","embeddable":true,"href":"https:\/\/www.allforhorses.ee\/ru\/wp-json\/wp\/v2\/product_brand?post=3249"},{"taxonomy":"product_cat","embeddable":true,"href":"https:\/\/www.allforhorses.ee\/ru\/wp-json\/wp\/v2\/product_cat?post=3249"},{"taxonomy":"product_tag","embeddable":true,"href":"https:\/\/www.allforhorses.ee\/ru\/wp-json\/wp\/v2\/product_tag?post=3249"}],"curies":[{"name":"wp","href":"https:\/\/api.w.org\/{rel}","templated":true}]}}