{"id":3239,"date":"2019-03-04T21:45:46","date_gmt":"2019-03-04T21:45:46","guid":{"rendered":"https:\/\/www.allforhorses.ee\/?post_type=product&#038;p=3239"},"modified":"2025-08-27T19:07:50","modified_gmt":"2025-08-27T19:07:50","slug":"silver-spray-200ml","status":"publish","type":"product","link":"https:\/\/www.allforhorses.ee\/ru\/toode\/silver-spray-200ml\/","title":{"rendered":"Silver Spray 200ml"},"content":{"rendered":"","protected":false},"excerpt":{"rendered":"<p><strong>Silver-Spray(alumiiniumpihusti, alumiiniumsprei) &#8212;<\/strong> haavaaerosool, mis katab haavad elastse kihiga, v\u00f5imaldab nahal hingata ning kaitsteb haavu saastumise ja kahjulike ilmastikum\u00f5jude eest.<br \/>\nKoostis: et\u00fc\u00fclatsetaat, alumiinium, isobut\u00fc\u00fcl-met\u00fc\u00fcl-akr\u00fclaat pol\u00fcmeerina, n-butaan propellandina.<br \/>\nManustamine: enne kasutamist hoolikalt loksutada! Aluminium Spray\u2019d pihustada tuulevaikses kohas umbes 20 kuni 25 cm kauguselt haavale m\u00f5ne sekundi jooksul. Vajadusel korrata m\u00f5ned korrad p\u00e4evas.<br \/>\nHoiatused: konteiner on r\u00f5hu all. Hoida p\u00e4ikesevalguse ja k\u00f5rgete temperatuuride (\u00fcle 50\u00baC) eest kaitstuna. Konteinerit mitte purustada ega p\u00f5letada, ka mitte p\u00e4rast kasutamist. \u00a0Hoida lastele k\u00e4ttesaamatus kohas. Ilma piisava ventilatsioonita v\u00f5ivad tekkida plahvatusohtlikud segud. V\u00e4ga tuleohtlik!<\/p>\n","protected":false},"featured_media":15174,"template":"","meta":[],"product_brand":[],"product_cat":[757,158],"product_tag":[],"class_list":{"0":"post-3239","1":"product","2":"type-product","3":"status-publish","4":"has-post-thumbnail","6":"product_cat-hobuste-tervisehoid-2","7":"product_cat-hobusele","9":"first","10":"instock","11":"taxable","12":"shipping-taxable","13":"purchasable","14":"product-type-simple"},"_links":{"self":[{"href":"https:\/\/www.allforhorses.ee\/ru\/wp-json\/wp\/v2\/product\/3239","targetHints":{"allow":["GET"]}}],"collection":[{"href":"https:\/\/www.allforhorses.ee\/ru\/wp-json\/wp\/v2\/product"}],"about":[{"href":"https:\/\/www.allforhorses.ee\/ru\/wp-json\/wp\/v2\/types\/product"}],"wp:featuredmedia":[{"embeddable":true,"href":"https:\/\/www.allforhorses.ee\/ru\/wp-json\/wp\/v2\/media\/15174"}],"wp:attachment":[{"href":"https:\/\/www.allforhorses.ee\/ru\/wp-json\/wp\/v2\/media?parent=3239"}],"wp:term":[{"taxonomy":"product_brand","embeddable":true,"href":"https:\/\/www.allforhorses.ee\/ru\/wp-json\/wp\/v2\/product_brand?post=3239"},{"taxonomy":"product_cat","embeddable":true,"href":"https:\/\/www.allforhorses.ee\/ru\/wp-json\/wp\/v2\/product_cat?post=3239"},{"taxonomy":"product_tag","embeddable":true,"href":"https:\/\/www.allforhorses.ee\/ru\/wp-json\/wp\/v2\/product_tag?post=3239"}],"curies":[{"name":"wp","href":"https:\/\/api.w.org\/{rel}","templated":true}]}}