{"id":3233,"date":"2019-03-04T21:34:10","date_gmt":"2019-03-04T21:34:10","guid":{"rendered":"https:\/\/www.allforhorses.ee\/?post_type=product&#038;p=3233"},"modified":"2024-06-01T10:43:22","modified_gmt":"2024-06-01T10:43:22","slug":"alaptid-salv","status":"publish","type":"product","link":"https:\/\/www.allforhorses.ee\/ru\/toode\/alaptid-salv\/","title":{"rendered":"Alaptid Salv"},"content":{"rendered":"","protected":false},"excerpt":{"rendered":"<p><strong>ALAPTID salv <\/strong>hobustele, koertele ja kassidele. Alaptid salv soodustab granulatsiooniprotsessi teket, naha epitaliseerumist ja haavade kiiremat paranemist.<br \/>\nKASUTAMINE &#8212;\u00a0V\u00e4lispidiseks kasutamiseks. Manustada 2\u20263 mm kihina kahjustatud nahapinnale. Vajadusel katta kahjustatud pind sidemega. Kui see ei ole v\u00f5imalik, tuleks salvi manustada 2 korda p\u00e4evas. Kasutamise kestvus: 3\u2026.10 p\u00e4eva. Kroonilistel ravimata juhtudel tuleb salvi kasutada pikema perioodi jooksul.<br \/>\nKOOSTIS &#8212;\u00a01 g salvi sisaldab 10 mg alaptiidi (L-alan\u00fc\u00fcl-1-amino-1-ts\u00fcklopentakarbon\u00fc\u00fcl)<br \/>\nAbiained:\u00a0pol\u00fcsorbaat 60, tset\u00fc\u00fclstear\u00fc\u00fclalkohol, vedel parafiin, prop\u00fcleengl\u00fckool, met\u00fc\u00fclparaben, prop\u00fc\u00fclparaben, s\u00fcstevesi.<br \/>\nHoida laste eest varjatud ja k\u00e4ttesaamatus kohas.<br \/>\nTOOTJA &#8212;\u00a0Bioveta a. s., Komensk\u00e9ho 212, 683 23 Ivanovice na Han\u00e9, T\u0161ehhi Vabariik<\/p>\n","protected":false},"featured_media":3235,"template":"","meta":[],"product_brand":[],"product_cat":[259],"product_tag":[],"class_list":{"0":"post-3233","1":"product","2":"type-product","3":"status-publish","4":"has-post-thumbnail","6":"product_cat-hobuste-tervisehoid","8":"first","9":"outofstock","10":"taxable","11":"shipping-taxable","12":"purchasable","13":"product-type-simple"},"_links":{"self":[{"href":"https:\/\/www.allforhorses.ee\/ru\/wp-json\/wp\/v2\/product\/3233","targetHints":{"allow":["GET"]}}],"collection":[{"href":"https:\/\/www.allforhorses.ee\/ru\/wp-json\/wp\/v2\/product"}],"about":[{"href":"https:\/\/www.allforhorses.ee\/ru\/wp-json\/wp\/v2\/types\/product"}],"wp:featuredmedia":[{"embeddable":true,"href":"https:\/\/www.allforhorses.ee\/ru\/wp-json\/wp\/v2\/media\/3235"}],"wp:attachment":[{"href":"https:\/\/www.allforhorses.ee\/ru\/wp-json\/wp\/v2\/media?parent=3233"}],"wp:term":[{"taxonomy":"product_brand","embeddable":true,"href":"https:\/\/www.allforhorses.ee\/ru\/wp-json\/wp\/v2\/product_brand?post=3233"},{"taxonomy":"product_cat","embeddable":true,"href":"https:\/\/www.allforhorses.ee\/ru\/wp-json\/wp\/v2\/product_cat?post=3233"},{"taxonomy":"product_tag","embeddable":true,"href":"https:\/\/www.allforhorses.ee\/ru\/wp-json\/wp\/v2\/product_tag?post=3233"}],"curies":[{"name":"wp","href":"https:\/\/api.w.org\/{rel}","templated":true}]}}