{"id":32321,"date":"2023-09-23T09:34:02","date_gmt":"2023-09-23T09:34:02","guid":{"rendered":"https:\/\/www.allforhorses.ee\/?post_type=product&#038;p=32321"},"modified":"2024-03-17T06:30:14","modified_gmt":"2024-03-17T06:30:14","slug":"hkm-fliistekk","status":"publish","type":"product","link":"https:\/\/www.allforhorses.ee\/ru\/toode\/hkm-fliistekk\/","title":{"rendered":"HKM Fliistekk"},"content":{"rendered":"","protected":false},"excerpt":{"rendered":"<p><b>HKM Fliistekk <\/b>on pehme ja hingav. Optimaalse niiskusimavusega, k\u00f5hualused reguleeritavad kinnitusrihmad, esik\u00fcljel lai kinnitus.<\/p>\n<p>On masinpestav 30 kraadise pesuprogrammiga. Sobib kuivatisse.<\/p>\n<p><em>Tarne 10-14 t\u00f6\u00f6p\u00e4eva.<\/em><\/p>\n","protected":false},"featured_media":36810,"template":"","meta":[],"product_brand":[],"product_cat":[158,244,245],"product_tag":[],"class_list":{"0":"post-32321","1":"product","2":"type-product","3":"status-publish","4":"has-post-thumbnail","6":"product_cat-hobusele","7":"product_cat-hobuste-tekid-tarvikud","8":"product_cat-fliistekid","10":"first","11":"instock","12":"taxable","13":"shipping-taxable","14":"purchasable","15":"product-type-variable"},"_links":{"self":[{"href":"https:\/\/www.allforhorses.ee\/ru\/wp-json\/wp\/v2\/product\/32321","targetHints":{"allow":["GET"]}}],"collection":[{"href":"https:\/\/www.allforhorses.ee\/ru\/wp-json\/wp\/v2\/product"}],"about":[{"href":"https:\/\/www.allforhorses.ee\/ru\/wp-json\/wp\/v2\/types\/product"}],"wp:featuredmedia":[{"embeddable":true,"href":"https:\/\/www.allforhorses.ee\/ru\/wp-json\/wp\/v2\/media\/36810"}],"wp:attachment":[{"href":"https:\/\/www.allforhorses.ee\/ru\/wp-json\/wp\/v2\/media?parent=32321"}],"wp:term":[{"taxonomy":"product_brand","embeddable":true,"href":"https:\/\/www.allforhorses.ee\/ru\/wp-json\/wp\/v2\/product_brand?post=32321"},{"taxonomy":"product_cat","embeddable":true,"href":"https:\/\/www.allforhorses.ee\/ru\/wp-json\/wp\/v2\/product_cat?post=32321"},{"taxonomy":"product_tag","embeddable":true,"href":"https:\/\/www.allforhorses.ee\/ru\/wp-json\/wp\/v2\/product_tag?post=32321"}],"curies":[{"name":"wp","href":"https:\/\/api.w.org\/{rel}","templated":true}]}}