{"id":31952,"date":"2023-09-23T09:13:09","date_gmt":"2023-09-23T09:13:09","guid":{"rendered":"https:\/\/www.allforhorses.ee\/?post_type=product&#038;p=31952"},"modified":"2023-09-23T09:17:32","modified_gmt":"2023-09-23T09:17:32","slug":"hkm-fliistekk-rosegold-glamour","status":"publish","type":"product","link":"https:\/\/www.allforhorses.ee\/ru\/toode\/hkm-fliistekk-rosegold-glamour\/","title":{"rendered":"HKM Fliistekk &#171;Rosegold Glamour&#187;"},"content":{"rendered":"","protected":false},"excerpt":{"rendered":"<p><b>HKM Fliistekk <\/b>on pehme ja hingav. Optimaalse niiskusimavusega, k\u00f5hualused reguleeritavad ja eemaldatavad kinnitusrihmad, esik\u00fcljel metallkinnitus. On masinpestav 30 kraadise pesuprogrammiga. Sobib kuivatisse.<\/p>\n<p><em>Tarne 10-14 t\u00f6\u00f6p\u00e4eva.<\/em><\/p>\n","protected":false},"featured_media":31958,"template":"","meta":[],"product_brand":[],"product_cat":[158,244,245],"product_tag":[],"class_list":{"0":"post-31952","1":"product","2":"type-product","3":"status-publish","4":"has-post-thumbnail","6":"product_cat-hobusele","7":"product_cat-hobuste-tekid-tarvikud","8":"product_cat-fliistekid","10":"first","11":"instock","12":"taxable","13":"shipping-taxable","14":"purchasable","15":"product-type-variable"},"_links":{"self":[{"href":"https:\/\/www.allforhorses.ee\/ru\/wp-json\/wp\/v2\/product\/31952","targetHints":{"allow":["GET"]}}],"collection":[{"href":"https:\/\/www.allforhorses.ee\/ru\/wp-json\/wp\/v2\/product"}],"about":[{"href":"https:\/\/www.allforhorses.ee\/ru\/wp-json\/wp\/v2\/types\/product"}],"wp:featuredmedia":[{"embeddable":true,"href":"https:\/\/www.allforhorses.ee\/ru\/wp-json\/wp\/v2\/media\/31958"}],"wp:attachment":[{"href":"https:\/\/www.allforhorses.ee\/ru\/wp-json\/wp\/v2\/media?parent=31952"}],"wp:term":[{"taxonomy":"product_brand","embeddable":true,"href":"https:\/\/www.allforhorses.ee\/ru\/wp-json\/wp\/v2\/product_brand?post=31952"},{"taxonomy":"product_cat","embeddable":true,"href":"https:\/\/www.allforhorses.ee\/ru\/wp-json\/wp\/v2\/product_cat?post=31952"},{"taxonomy":"product_tag","embeddable":true,"href":"https:\/\/www.allforhorses.ee\/ru\/wp-json\/wp\/v2\/product_tag?post=31952"}],"curies":[{"name":"wp","href":"https:\/\/api.w.org\/{rel}","templated":true}]}}