{"id":3188,"date":"2019-03-03T21:10:54","date_gmt":"2019-03-03T21:10:54","guid":{"rendered":"https:\/\/www.allforhorses.ee\/?post_type=product&#038;p=3188"},"modified":"2025-02-28T12:47:02","modified_gmt":"2025-02-28T12:47:02","slug":"horse-power-msm-liniment","status":"publish","type":"product","link":"https:\/\/www.allforhorses.ee\/ru\/toode\/horse-power-msm-liniment\/","title":{"rendered":"Horse Power MSM Liniment"},"content":{"rendered":"","protected":false},"excerpt":{"rendered":"<p><strong>Horse Power MSM-liniment<\/strong> taastab efektiivselt hobuste lihased, k\u00f5\u00f5lused ja liigesed koormusej\u00e4rgselt. MSM-liniment leevendab p\u00f5letikke ja \u00fclekoormusest tingitud vaevusi, kiirendades kudede taastumist koormuste ning vigastuste j\u00e4rgselt.<br \/>\nKoostis: MSM, kamper, mentool, isopropanool, eukal\u00fcpti\u00f5li, piparm\u00fcndi\u00f5li, puhastatud vesi.<br \/>\nKasutamine: M\u00e4\u00e4ri linimenti probleemsete lihaste, k\u00f5\u00f5luste ja liigeste piirkonna nahale. V\u00e4ldi linimendi sattumist silma , vigastatud nahale v\u00f5i limaskestadele. Kasutada kuni kolm korda \u00f6\u00f6p\u00e4evas.<br \/>\nHoiatused: Mitte kasutada loomadel, kellel esineb teadaolevat \u00fclitundlikkust toimeainete suhtes. Hoida laste eest varjatud ja k\u00e4ttesaamatus kohas. Ainult nahale manustamiseks. S\u00e4ilitamine: Toatemperatuuril.<br \/>\nPakend: 500ml, 1000ml<\/p>\n","protected":false},"featured_media":44354,"template":"","meta":[],"product_brand":[],"product_cat":[259],"product_tag":[],"class_list":{"0":"post-3188","1":"product","2":"type-product","3":"status-publish","4":"has-post-thumbnail","6":"product_cat-hobuste-tervisehoid","8":"first","9":"instock","10":"taxable","11":"shipping-taxable","12":"purchasable","13":"product-type-variable"},"_links":{"self":[{"href":"https:\/\/www.allforhorses.ee\/ru\/wp-json\/wp\/v2\/product\/3188","targetHints":{"allow":["GET"]}}],"collection":[{"href":"https:\/\/www.allforhorses.ee\/ru\/wp-json\/wp\/v2\/product"}],"about":[{"href":"https:\/\/www.allforhorses.ee\/ru\/wp-json\/wp\/v2\/types\/product"}],"wp:featuredmedia":[{"embeddable":true,"href":"https:\/\/www.allforhorses.ee\/ru\/wp-json\/wp\/v2\/media\/44354"}],"wp:attachment":[{"href":"https:\/\/www.allforhorses.ee\/ru\/wp-json\/wp\/v2\/media?parent=3188"}],"wp:term":[{"taxonomy":"product_brand","embeddable":true,"href":"https:\/\/www.allforhorses.ee\/ru\/wp-json\/wp\/v2\/product_brand?post=3188"},{"taxonomy":"product_cat","embeddable":true,"href":"https:\/\/www.allforhorses.ee\/ru\/wp-json\/wp\/v2\/product_cat?post=3188"},{"taxonomy":"product_tag","embeddable":true,"href":"https:\/\/www.allforhorses.ee\/ru\/wp-json\/wp\/v2\/product_tag?post=3188"}],"curies":[{"name":"wp","href":"https:\/\/api.w.org\/{rel}","templated":true}]}}