{"id":31833,"date":"2023-09-22T21:32:50","date_gmt":"2023-09-22T21:32:50","guid":{"rendered":"https:\/\/www.allforhorses.ee\/?post_type=product&#038;p=31833"},"modified":"2026-01-09T13:58:04","modified_gmt":"2026-01-09T13:58:04","slug":"hkm-talvesaapad-stockholm-winter","status":"publish","type":"product","link":"https:\/\/www.allforhorses.ee\/ru\/toode\/hkm-talvesaapad-stockholm-winter\/","title":{"rendered":"HKM Talvesaapad &#171;Stockholm Winter&#187;"},"content":{"rendered":"","protected":false},"excerpt":{"rendered":"<p><strong>HKM Soojad Ratsasaapad<\/strong> <strong>&#8212; <\/strong>hoiavad tihedalt \u00fcmber s\u00e4\u00e4re. Saapad on v\u00e4ga mugavad, tagant s\u00e4\u00e4reosa on lukuga, h\u00e4sti soe sisevooder, veekindlad ja mittelibisevad kummitallad.<\/p>\n<p><em>Saapad on ainult ettetellimsel(tarne u 14 t\u00f6\u00f6p\u00e4eva).<\/em><\/p>\n","protected":false},"featured_media":31883,"template":"","meta":[],"product_brand":[],"product_cat":[109,110,113],"product_tag":[],"class_list":{"0":"post-31833","1":"product","2":"type-product","3":"status-publish","4":"has-post-thumbnail","6":"product_cat-ratsariided","7":"product_cat-ratsasaapad","8":"product_cat-soojad-ratsasaapad","10":"first","11":"instock","12":"taxable","13":"shipping-taxable","14":"purchasable","15":"product-type-variable"},"_links":{"self":[{"href":"https:\/\/www.allforhorses.ee\/ru\/wp-json\/wp\/v2\/product\/31833","targetHints":{"allow":["GET"]}}],"collection":[{"href":"https:\/\/www.allforhorses.ee\/ru\/wp-json\/wp\/v2\/product"}],"about":[{"href":"https:\/\/www.allforhorses.ee\/ru\/wp-json\/wp\/v2\/types\/product"}],"wp:featuredmedia":[{"embeddable":true,"href":"https:\/\/www.allforhorses.ee\/ru\/wp-json\/wp\/v2\/media\/31883"}],"wp:attachment":[{"href":"https:\/\/www.allforhorses.ee\/ru\/wp-json\/wp\/v2\/media?parent=31833"}],"wp:term":[{"taxonomy":"product_brand","embeddable":true,"href":"https:\/\/www.allforhorses.ee\/ru\/wp-json\/wp\/v2\/product_brand?post=31833"},{"taxonomy":"product_cat","embeddable":true,"href":"https:\/\/www.allforhorses.ee\/ru\/wp-json\/wp\/v2\/product_cat?post=31833"},{"taxonomy":"product_tag","embeddable":true,"href":"https:\/\/www.allforhorses.ee\/ru\/wp-json\/wp\/v2\/product_tag?post=31833"}],"curies":[{"name":"wp","href":"https:\/\/api.w.org\/{rel}","templated":true}]}}