{"id":31551,"date":"2023-09-15T14:25:48","date_gmt":"2023-09-15T14:25:48","guid":{"rendered":"https:\/\/www.allforhorses.ee\/?post_type=product&#038;p=31551"},"modified":"2023-10-01T09:12:11","modified_gmt":"2023-10-01T09:12:11","slug":"hkm-fliisist-trennitekk-professional","status":"publish","type":"product","link":"https:\/\/www.allforhorses.ee\/ru\/toode\/hkm-fliisist-trennitekk-professional\/","title":{"rendered":"HKM Fliisist Trennitekk &#171;Professional&#187;"},"content":{"rendered":"","protected":false},"excerpt":{"rendered":"<p><b>HKM Fliisist Trennitekk<br \/>\n<\/b>Suurep\u00e4rane kasutamiseks k\u00fclmadel talvep\u00e4evadel ratsutamiseks.<br \/>\nHingav.<b><br \/>\n<\/b>On masinpestav 30 kraadise pesuprogrammiga. Materjal: 100% pol\u00fceester(fliis).<\/p>\n<p><em>Tarne 10-14 t\u00f6\u00f6p\u00e4eva.<\/em><\/p>\n<p>&nbsp;<\/p>\n","protected":false},"featured_media":31582,"template":"","meta":[],"product_brand":[],"product_cat":[158,244,245,247],"product_tag":[],"class_list":{"0":"post-31551","1":"product","2":"type-product","3":"status-publish","4":"has-post-thumbnail","6":"product_cat-hobusele","7":"product_cat-hobuste-tekid-tarvikud","8":"product_cat-fliistekid","9":"product_cat-trennitekid","11":"first","12":"instock","13":"taxable","14":"shipping-taxable","15":"purchasable","16":"product-type-variable"},"_links":{"self":[{"href":"https:\/\/www.allforhorses.ee\/ru\/wp-json\/wp\/v2\/product\/31551","targetHints":{"allow":["GET"]}}],"collection":[{"href":"https:\/\/www.allforhorses.ee\/ru\/wp-json\/wp\/v2\/product"}],"about":[{"href":"https:\/\/www.allforhorses.ee\/ru\/wp-json\/wp\/v2\/types\/product"}],"wp:featuredmedia":[{"embeddable":true,"href":"https:\/\/www.allforhorses.ee\/ru\/wp-json\/wp\/v2\/media\/31582"}],"wp:attachment":[{"href":"https:\/\/www.allforhorses.ee\/ru\/wp-json\/wp\/v2\/media?parent=31551"}],"wp:term":[{"taxonomy":"product_brand","embeddable":true,"href":"https:\/\/www.allforhorses.ee\/ru\/wp-json\/wp\/v2\/product_brand?post=31551"},{"taxonomy":"product_cat","embeddable":true,"href":"https:\/\/www.allforhorses.ee\/ru\/wp-json\/wp\/v2\/product_cat?post=31551"},{"taxonomy":"product_tag","embeddable":true,"href":"https:\/\/www.allforhorses.ee\/ru\/wp-json\/wp\/v2\/product_tag?post=31551"}],"curies":[{"name":"wp","href":"https:\/\/api.w.org\/{rel}","templated":true}]}}