{"id":30493,"date":"2023-08-18T11:19:08","date_gmt":"2023-08-18T11:19:08","guid":{"rendered":"https:\/\/www.allforhorses.ee\/?post_type=product&#038;p=30493"},"modified":"2025-08-18T14:05:32","modified_gmt":"2025-08-18T14:05:32","slug":"horze-poolsaapad-kilkenney","status":"publish","type":"product","link":"https:\/\/www.allforhorses.ee\/ru\/toode\/horze-poolsaapad-kilkenney\/","title":{"rendered":"Horze Poolsaapad &#171;Kilkenney&#187;(34)"},"content":{"rendered":"","protected":false},"excerpt":{"rendered":"<p><strong>Horze Poolsaapad &#171;Kilkenney&#187;<br \/>\n<\/strong>Nendel praktilistel kunstnahast poolsaabastel on taga lukk ja saapa eesosas paelte imitatsioon. Saabastel on traditsiooniline v\u00e4limus, kuid need on samas kiirelt jalgatorgatavad, mist\u00f5ttu oledki k\u00e4rmelt valmis ratsutamistunniks. Pehmet, s\u00fcnteetilist nahasarnast materjali on kerge hooldada ning korraliku hoolduse puhul n\u00e4eb see alati v\u00e4lja nagu uus. 100% kunstnahk, puhasta puhta niiske lapiga.<strong><br \/>\n<\/strong><\/p>\n<p>Suurus: 34<br \/>\nV\u00e4rv: must<\/p>\n<p>Tootja: HORZE INTERNATIONAL GMBH<\/p>\n<p>&nbsp;<\/p>\n","protected":false},"featured_media":25810,"template":"","meta":[],"product_brand":[],"product_cat":[109,110,111],"product_tag":[],"class_list":{"0":"post-30493","1":"product","2":"type-product","3":"status-publish","4":"has-post-thumbnail","6":"product_cat-ratsariided","7":"product_cat-ratsasaapad","8":"product_cat-poolsaapad","10":"first","11":"instock","12":"taxable","13":"shipping-taxable","14":"purchasable","15":"product-type-simple"},"_links":{"self":[{"href":"https:\/\/www.allforhorses.ee\/ru\/wp-json\/wp\/v2\/product\/30493","targetHints":{"allow":["GET"]}}],"collection":[{"href":"https:\/\/www.allforhorses.ee\/ru\/wp-json\/wp\/v2\/product"}],"about":[{"href":"https:\/\/www.allforhorses.ee\/ru\/wp-json\/wp\/v2\/types\/product"}],"wp:featuredmedia":[{"embeddable":true,"href":"https:\/\/www.allforhorses.ee\/ru\/wp-json\/wp\/v2\/media\/25810"}],"wp:attachment":[{"href":"https:\/\/www.allforhorses.ee\/ru\/wp-json\/wp\/v2\/media?parent=30493"}],"wp:term":[{"taxonomy":"product_brand","embeddable":true,"href":"https:\/\/www.allforhorses.ee\/ru\/wp-json\/wp\/v2\/product_brand?post=30493"},{"taxonomy":"product_cat","embeddable":true,"href":"https:\/\/www.allforhorses.ee\/ru\/wp-json\/wp\/v2\/product_cat?post=30493"},{"taxonomy":"product_tag","embeddable":true,"href":"https:\/\/www.allforhorses.ee\/ru\/wp-json\/wp\/v2\/product_tag?post=30493"}],"curies":[{"name":"wp","href":"https:\/\/api.w.org\/{rel}","templated":true}]}}