{"id":30331,"date":"2023-08-15T08:25:32","date_gmt":"2023-08-15T08:25:32","guid":{"rendered":"https:\/\/www.allforhorses.ee\/?post_type=product&#038;p=30331"},"modified":"2024-09-08T11:24:43","modified_gmt":"2024-09-08T11:24:43","slug":"hkm-tera-profi","status":"publish","type":"product","link":"https:\/\/www.allforhorses.ee\/ru\/toode\/hkm-tera-profi\/","title":{"rendered":"HKM Tera &#171;Profi&#187;"},"content":{"rendered":"","protected":false},"excerpt":{"rendered":"<p><b>HKM Tera &#171;Profi&#187;<\/b><\/p>\n<p>L\u00f5ikes\u00fcgavus: 2-3 mm<\/p>\n<p><a href=\"https:\/\/www.allforhorses.ee\/toode\/hkm-juhtmevaba-pugamismasin-profi\/\">Juhtmevaba P\u00fcgamismasina<\/a> tera(31\/15).<\/p>\n<p><em>Tarne 14 t\u00f6\u00f6p\u00e4eva.<\/em><\/p>\n","protected":false},"featured_media":30332,"template":"","meta":[],"product_brand":[],"product_cat":[145,158,159],"product_tag":[],"class_list":{"0":"post-30331","1":"product","2":"type-product","3":"status-publish","4":"has-post-thumbnail","6":"product_cat-talli","7":"product_cat-hobusele","8":"product_cat-hobuste-hooldusvahendid","10":"first","11":"instock","12":"taxable","13":"shipping-taxable","14":"purchasable","15":"product-type-simple"},"_links":{"self":[{"href":"https:\/\/www.allforhorses.ee\/ru\/wp-json\/wp\/v2\/product\/30331","targetHints":{"allow":["GET"]}}],"collection":[{"href":"https:\/\/www.allforhorses.ee\/ru\/wp-json\/wp\/v2\/product"}],"about":[{"href":"https:\/\/www.allforhorses.ee\/ru\/wp-json\/wp\/v2\/types\/product"}],"wp:featuredmedia":[{"embeddable":true,"href":"https:\/\/www.allforhorses.ee\/ru\/wp-json\/wp\/v2\/media\/30332"}],"wp:attachment":[{"href":"https:\/\/www.allforhorses.ee\/ru\/wp-json\/wp\/v2\/media?parent=30331"}],"wp:term":[{"taxonomy":"product_brand","embeddable":true,"href":"https:\/\/www.allforhorses.ee\/ru\/wp-json\/wp\/v2\/product_brand?post=30331"},{"taxonomy":"product_cat","embeddable":true,"href":"https:\/\/www.allforhorses.ee\/ru\/wp-json\/wp\/v2\/product_cat?post=30331"},{"taxonomy":"product_tag","embeddable":true,"href":"https:\/\/www.allforhorses.ee\/ru\/wp-json\/wp\/v2\/product_tag?post=30331"}],"curies":[{"name":"wp","href":"https:\/\/api.w.org\/{rel}","templated":true}]}}