{"id":30224,"date":"2023-08-15T07:03:50","date_gmt":"2023-08-15T07:03:50","guid":{"rendered":"https:\/\/www.allforhorses.ee\/?post_type=product&#038;p=30224"},"modified":"2025-12-10T15:50:28","modified_gmt":"2025-12-10T15:50:28","slug":"hkm-ponisadula-komplekt-beginner","status":"publish","type":"product","link":"https:\/\/www.allforhorses.ee\/ru\/toode\/hkm-ponisadula-komplekt-beginner\/","title":{"rendered":"HKM Ponisadula Komplekt &#171;Beginner&#187;"},"content":{"rendered":"","protected":false},"excerpt":{"rendered":"<p><strong>HKM 5-osaline Ponisadula Komplekt &#171;Beginner&#187; <\/strong>on h\u00e4sti kergekaaluline.<br \/>\nKomplektis on sadul, sadulav\u00f6\u00f6, jalused, jaluserihmad ja valtrap.<br \/>\nIstme suurus: 12&#187;<\/p>\n<p>Shettland ponile.<\/p>\n<p><em>Tarneaeg: 10-14 t\u00f6\u00f6p\u00e4eva.<\/em><\/p>\n","protected":false},"featured_media":30235,"template":"","meta":[],"product_brand":[],"product_cat":[158,176,180],"product_tag":[],"class_list":{"0":"post-30224","1":"product","2":"type-product","3":"status-publish","4":"has-post-thumbnail","6":"product_cat-hobusele","7":"product_cat-sadulad-ja-sadulakatted","8":"product_cat-ponide-sadulad","10":"first","11":"outofstock","12":"taxable","13":"shipping-taxable","14":"purchasable","15":"product-type-variable"},"_links":{"self":[{"href":"https:\/\/www.allforhorses.ee\/ru\/wp-json\/wp\/v2\/product\/30224","targetHints":{"allow":["GET"]}}],"collection":[{"href":"https:\/\/www.allforhorses.ee\/ru\/wp-json\/wp\/v2\/product"}],"about":[{"href":"https:\/\/www.allforhorses.ee\/ru\/wp-json\/wp\/v2\/types\/product"}],"wp:featuredmedia":[{"embeddable":true,"href":"https:\/\/www.allforhorses.ee\/ru\/wp-json\/wp\/v2\/media\/30235"}],"wp:attachment":[{"href":"https:\/\/www.allforhorses.ee\/ru\/wp-json\/wp\/v2\/media?parent=30224"}],"wp:term":[{"taxonomy":"product_brand","embeddable":true,"href":"https:\/\/www.allforhorses.ee\/ru\/wp-json\/wp\/v2\/product_brand?post=30224"},{"taxonomy":"product_cat","embeddable":true,"href":"https:\/\/www.allforhorses.ee\/ru\/wp-json\/wp\/v2\/product_cat?post=30224"},{"taxonomy":"product_tag","embeddable":true,"href":"https:\/\/www.allforhorses.ee\/ru\/wp-json\/wp\/v2\/product_tag?post=30224"}],"curies":[{"name":"wp","href":"https:\/\/api.w.org\/{rel}","templated":true}]}}