{"id":29939,"date":"2020-12-16T12:22:49","date_gmt":"2023-08-06T15:46:49","guid":{"rendered":"https:\/\/www.allforhorses.ee\/toode\/horze-%d1%83%d0%b7%d0%b4%d0%b5%d1%87%d0%ba%d0%b0-rome\/"},"modified":"2023-08-06T15:46:49","modified_gmt":"2023-08-06T15:46:49","slug":"horze-valjad-rome","status":"publish","type":"product","link":"https:\/\/www.allforhorses.ee\/ru\/toode\/horze-valjad-rome\/","title":{"rendered":"Horze \u0423\u0437\u0434\u0435\u0447\u043a\u0430 &#171;Rome&#187;"},"content":{"rendered":"","protected":false},"excerpt":{"rendered":"<p><strong>Horze \u0423\u0437\u0434\u0435\u0447\u043a\u0430 &#171;Rome&#187;<\/strong><br \/>\nErgonoomilised valjad &#8212; 2 in 1 valjad, vahetatav karva\/naha pehmendus, pehmest nahast, ergonoomilise kujuga kuklaosa, s\u00fcgava kaardus kujuga otsmikurihm, critsallidega kaunistus, SS pandlad, h\u00f5bedasest pandlad, tagasit\u00f5mmatav kapsel, eemaldatav ristkapsel.<br \/>\n100% \u043a\u043e\u0436\u0430.  \u0422\u0440\u0435\u043d\u0437\u0435\u043b\u044c \u0432 \u043a\u043e\u043c\u043f\u043b\u0435\u043a\u0442 \u043d\u0435 \u0432\u0445\u043e\u0434\u0438\u0442. \u0426\u0432\u0435\u0442: \u043a\u043e\u0440\u0438\u0447\u043d\u0435\u0432\u044b\u0439, \u0447\u0435\u0440\u043d\u044b\u0439.<\/p>\n<p>HORZE INTERNATIONAL GMBH.<\/p>\n<p>&nbsp;<\/p>\n","protected":false},"featured_media":28400,"template":"","meta":[],"product_brand":[],"product_cat":[1042,1044,1045,1043],"product_tag":[],"class_list":{"0":"post-29939","1":"product","2":"type-product","3":"status-publish","4":"has-post-thumbnail","6":"product_cat-1042","7":"product_cat-1044","8":"product_cat--ru","9":"product_cat-1043","11":"first","12":"outofstock","13":"taxable","14":"shipping-taxable","15":"purchasable","16":"product-type-variable","17":"has-default-attributes"},"_links":{"self":[{"href":"https:\/\/www.allforhorses.ee\/ru\/wp-json\/wp\/v2\/product\/29939","targetHints":{"allow":["GET"]}}],"collection":[{"href":"https:\/\/www.allforhorses.ee\/ru\/wp-json\/wp\/v2\/product"}],"about":[{"href":"https:\/\/www.allforhorses.ee\/ru\/wp-json\/wp\/v2\/types\/product"}],"wp:featuredmedia":[{"embeddable":true,"href":"https:\/\/www.allforhorses.ee\/ru\/wp-json\/wp\/v2\/media\/28400"}],"wp:attachment":[{"href":"https:\/\/www.allforhorses.ee\/ru\/wp-json\/wp\/v2\/media?parent=29939"}],"wp:term":[{"taxonomy":"product_brand","embeddable":true,"href":"https:\/\/www.allforhorses.ee\/ru\/wp-json\/wp\/v2\/product_brand?post=29939"},{"taxonomy":"product_cat","embeddable":true,"href":"https:\/\/www.allforhorses.ee\/ru\/wp-json\/wp\/v2\/product_cat?post=29939"},{"taxonomy":"product_tag","embeddable":true,"href":"https:\/\/www.allforhorses.ee\/ru\/wp-json\/wp\/v2\/product_tag?post=29939"}],"curies":[{"name":"wp","href":"https:\/\/api.w.org\/{rel}","templated":true}]}}