{"id":29800,"date":"2023-08-04T19:57:49","date_gmt":"2023-08-04T19:57:49","guid":{"rendered":"https:\/\/www.allforhorses.ee\/?post_type=product&#038;p=29800"},"modified":"2024-07-24T11:24:16","modified_gmt":"2024-07-24T11:24:16","slug":"hkm-putukatekk-fringes","status":"publish","type":"product","link":"https:\/\/www.allforhorses.ee\/ru\/toode\/hkm-putukatekk-fringes\/","title":{"rendered":"HKM Putukatekk &#171;Fringes&#187;"},"content":{"rendered":"","protected":false},"excerpt":{"rendered":"<p><b>HKM<\/b><b>\u00a0Putukatekk \u00a0<\/b>kaitseb hobuseid s\u00e4\u00e4skede ja k\u00e4rbeste eest. Kvaliteetne mitterebenev materjal. Reguleeritavad kinnitused rinnaesisel,\u00a0 sabaklapp.<br \/>\nPutukatekk on masinpestav 30 kraadise pesuprogrammiga, 100% pol\u00fcester.<\/p>\n<p>H\u00e4sti sobib koos <a href=\"https:\/\/www.allforhorses.ee\/toode\/hkm-kardinatega-putukamask-fringes\/\">Putukamask.<\/a><\/p>\n<p><i>\u00a0<\/i><\/p>\n","protected":false},"featured_media":29820,"template":"","meta":[],"product_brand":[],"product_cat":[158,244,248,204,207],"product_tag":[],"class_list":{"0":"post-29800","1":"product","2":"type-product","3":"status-publish","4":"has-post-thumbnail","6":"product_cat-hobusele","7":"product_cat-hobuste-tekid-tarvikud","8":"product_cat-putukatekid-hobuste-tekid-tarvikud","9":"product_cat-putukatorje-vahendid","10":"product_cat-putukatekid","12":"first","13":"instock","14":"taxable","15":"shipping-taxable","16":"purchasable","17":"product-type-variable"},"_links":{"self":[{"href":"https:\/\/www.allforhorses.ee\/ru\/wp-json\/wp\/v2\/product\/29800","targetHints":{"allow":["GET"]}}],"collection":[{"href":"https:\/\/www.allforhorses.ee\/ru\/wp-json\/wp\/v2\/product"}],"about":[{"href":"https:\/\/www.allforhorses.ee\/ru\/wp-json\/wp\/v2\/types\/product"}],"wp:featuredmedia":[{"embeddable":true,"href":"https:\/\/www.allforhorses.ee\/ru\/wp-json\/wp\/v2\/media\/29820"}],"wp:attachment":[{"href":"https:\/\/www.allforhorses.ee\/ru\/wp-json\/wp\/v2\/media?parent=29800"}],"wp:term":[{"taxonomy":"product_brand","embeddable":true,"href":"https:\/\/www.allforhorses.ee\/ru\/wp-json\/wp\/v2\/product_brand?post=29800"},{"taxonomy":"product_cat","embeddable":true,"href":"https:\/\/www.allforhorses.ee\/ru\/wp-json\/wp\/v2\/product_cat?post=29800"},{"taxonomy":"product_tag","embeddable":true,"href":"https:\/\/www.allforhorses.ee\/ru\/wp-json\/wp\/v2\/product_tag?post=29800"}],"curies":[{"name":"wp","href":"https:\/\/api.w.org\/{rel}","templated":true}]}}