{"id":2896,"date":"2019-02-28T20:00:55","date_gmt":"2019-02-28T20:00:55","guid":{"rendered":"https:\/\/www.allforhorses.ee\/?post_type=product&#038;p=2896"},"modified":"2024-06-11T09:54:33","modified_gmt":"2024-06-11T09:54:33","slug":"pfiff-putukatekk-ratsutamiseks-aquene","status":"publish","type":"product","link":"https:\/\/www.allforhorses.ee\/ru\/toode\/pfiff-putukatekk-ratsutamiseks-aquene\/","title":{"rendered":"Pfiff putukatekk ratsutamiseks &#171;Aquene&#187;"},"content":{"rendered":"","protected":false},"excerpt":{"rendered":"<p><b>Pfiff putukatekk ratsutamiseks\u00a0<\/b>kaitseb hobuseid s\u00e4\u00e4skede ja k\u00e4rbeste eest. Tekk on rebenemiskindel, on sabaklapp. Tekil on metallist kinnitused. V\u00e4ga tugev ja vastupidav. Putukatekk on masinpestav 30 kraadise pesuprogrammiga, 100% pol\u00fcester.<\/p>\n<p>Suurus: 145cm.<\/p>\n","protected":false},"featured_media":2905,"template":"","meta":[],"product_brand":[],"product_cat":[158,244,248,247,204,207],"product_tag":[],"class_list":{"0":"post-2896","1":"product","2":"type-product","3":"status-publish","4":"has-post-thumbnail","6":"product_cat-hobusele","7":"product_cat-hobuste-tekid-tarvikud","8":"product_cat-putukatekid-hobuste-tekid-tarvikud","9":"product_cat-trennitekid","10":"product_cat-putukatorje-vahendid","11":"product_cat-putukatekid","13":"first","14":"instock","15":"taxable","16":"shipping-taxable","17":"purchasable","18":"product-type-simple"},"_links":{"self":[{"href":"https:\/\/www.allforhorses.ee\/ru\/wp-json\/wp\/v2\/product\/2896","targetHints":{"allow":["GET"]}}],"collection":[{"href":"https:\/\/www.allforhorses.ee\/ru\/wp-json\/wp\/v2\/product"}],"about":[{"href":"https:\/\/www.allforhorses.ee\/ru\/wp-json\/wp\/v2\/types\/product"}],"wp:featuredmedia":[{"embeddable":true,"href":"https:\/\/www.allforhorses.ee\/ru\/wp-json\/wp\/v2\/media\/2905"}],"wp:attachment":[{"href":"https:\/\/www.allforhorses.ee\/ru\/wp-json\/wp\/v2\/media?parent=2896"}],"wp:term":[{"taxonomy":"product_brand","embeddable":true,"href":"https:\/\/www.allforhorses.ee\/ru\/wp-json\/wp\/v2\/product_brand?post=2896"},{"taxonomy":"product_cat","embeddable":true,"href":"https:\/\/www.allforhorses.ee\/ru\/wp-json\/wp\/v2\/product_cat?post=2896"},{"taxonomy":"product_tag","embeddable":true,"href":"https:\/\/www.allforhorses.ee\/ru\/wp-json\/wp\/v2\/product_tag?post=2896"}],"curies":[{"name":"wp","href":"https:\/\/api.w.org\/{rel}","templated":true}]}}