{"id":2868,"date":"2019-02-28T19:48:37","date_gmt":"2019-02-28T19:48:37","guid":{"rendered":"https:\/\/www.allforhorses.ee\/?post_type=product&#038;p=2868"},"modified":"2025-08-13T13:58:32","modified_gmt":"2025-08-13T13:58:32","slug":"kaelaosaga-putukatekk-zebra","status":"publish","type":"product","link":"https:\/\/www.allforhorses.ee\/ru\/toode\/kaelaosaga-putukatekk-zebra\/","title":{"rendered":"HKM Kaelaosaga Putukatekk Ratsutamiseks &#171;Zebra&#187;"},"content":{"rendered":"","protected":false},"excerpt":{"rendered":"<p><b>HKM Kaelaosaga Putukatekk r<\/b><strong>atsutamiseks<\/strong><b>\u00a0&#171;Zebra&#187;\u00a0<\/b>kaitseb hobuseid s\u00e4\u00e4skede ja k\u00e4rbeste eest. Mitterebenev materjal. Firkseeritud kaelaosa(full neck). On t\u00f5estatud, et sebramuster peletab putukaid eemale. Tekil on metallist kinnitused. Putukatekk on masinpestav 30 kraadise pesuprogrammiga, 100% pol\u00fcester.<\/p>\n<p>&nbsp;<\/p>\n","protected":false},"featured_media":24833,"template":"","meta":[],"product_brand":[],"product_cat":[158,244,248,204,207],"product_tag":[],"class_list":{"0":"post-2868","1":"product","2":"type-product","3":"status-publish","4":"has-post-thumbnail","6":"product_cat-hobusele","7":"product_cat-hobuste-tekid-tarvikud","8":"product_cat-putukatekid-hobuste-tekid-tarvikud","9":"product_cat-putukatorje-vahendid","10":"product_cat-putukatekid","12":"first","13":"instock","14":"taxable","15":"shipping-taxable","16":"purchasable","17":"product-type-variable"},"_links":{"self":[{"href":"https:\/\/www.allforhorses.ee\/ru\/wp-json\/wp\/v2\/product\/2868","targetHints":{"allow":["GET"]}}],"collection":[{"href":"https:\/\/www.allforhorses.ee\/ru\/wp-json\/wp\/v2\/product"}],"about":[{"href":"https:\/\/www.allforhorses.ee\/ru\/wp-json\/wp\/v2\/types\/product"}],"wp:featuredmedia":[{"embeddable":true,"href":"https:\/\/www.allforhorses.ee\/ru\/wp-json\/wp\/v2\/media\/24833"}],"wp:attachment":[{"href":"https:\/\/www.allforhorses.ee\/ru\/wp-json\/wp\/v2\/media?parent=2868"}],"wp:term":[{"taxonomy":"product_brand","embeddable":true,"href":"https:\/\/www.allforhorses.ee\/ru\/wp-json\/wp\/v2\/product_brand?post=2868"},{"taxonomy":"product_cat","embeddable":true,"href":"https:\/\/www.allforhorses.ee\/ru\/wp-json\/wp\/v2\/product_cat?post=2868"},{"taxonomy":"product_tag","embeddable":true,"href":"https:\/\/www.allforhorses.ee\/ru\/wp-json\/wp\/v2\/product_tag?post=2868"}],"curies":[{"name":"wp","href":"https:\/\/api.w.org\/{rel}","templated":true}]}}