{"id":26343,"date":"2023-07-25T20:19:02","date_gmt":"2023-07-25T20:19:02","guid":{"rendered":"https:\/\/www.allforhorses.ee\/?post_type=product&#038;p=26343"},"modified":"2024-09-08T11:34:39","modified_gmt":"2024-09-08T11:34:39","slug":"hkm-taisnahkadega-ratsapuksid-marrakesh","status":"publish","type":"product","link":"https:\/\/www.allforhorses.ee\/ru\/toode\/hkm-taisnahkadega-ratsapuksid-marrakesh\/","title":{"rendered":"HKM T\u00e4isnahkadega Ratsap\u00fcksid &#171;Marrakesh&#187;"},"content":{"rendered":"","protected":false},"excerpt":{"rendered":"<p><strong>HKM T\u00e4isnahkadega Ratsap\u00fcksid &#171;Marrakesh&#187;<\/strong> on hingavad\u00a0 ja mugavad. P\u00fckstel on pehme mittelibisev kunstnahast osa. On elastne s\u00e4\u00e4reosa.<br \/>\nMasinpestav 30-kraadi juures. Sobivad pesukuivatisse.<\/p>\n<p><i>P\u00fcksid on ainult ettetellimisel. Tarneaeg u 14 t\u00f6\u00f6p\u00e4eva.<\/i><\/p>\n","protected":false},"featured_media":26345,"template":"","meta":[],"product_brand":[],"product_cat":[109,114,115],"product_tag":[],"class_list":{"0":"post-26343","1":"product","2":"type-product","3":"status-publish","4":"has-post-thumbnail","6":"product_cat-ratsariided","7":"product_cat-ratsapuksid","8":"product_cat-naiste-ratsapuksid","10":"first","11":"instock","12":"taxable","13":"shipping-taxable","14":"purchasable","15":"product-type-variable"},"_links":{"self":[{"href":"https:\/\/www.allforhorses.ee\/ru\/wp-json\/wp\/v2\/product\/26343","targetHints":{"allow":["GET"]}}],"collection":[{"href":"https:\/\/www.allforhorses.ee\/ru\/wp-json\/wp\/v2\/product"}],"about":[{"href":"https:\/\/www.allforhorses.ee\/ru\/wp-json\/wp\/v2\/types\/product"}],"wp:featuredmedia":[{"embeddable":true,"href":"https:\/\/www.allforhorses.ee\/ru\/wp-json\/wp\/v2\/media\/26345"}],"wp:attachment":[{"href":"https:\/\/www.allforhorses.ee\/ru\/wp-json\/wp\/v2\/media?parent=26343"}],"wp:term":[{"taxonomy":"product_brand","embeddable":true,"href":"https:\/\/www.allforhorses.ee\/ru\/wp-json\/wp\/v2\/product_brand?post=26343"},{"taxonomy":"product_cat","embeddable":true,"href":"https:\/\/www.allforhorses.ee\/ru\/wp-json\/wp\/v2\/product_cat?post=26343"},{"taxonomy":"product_tag","embeddable":true,"href":"https:\/\/www.allforhorses.ee\/ru\/wp-json\/wp\/v2\/product_tag?post=26343"}],"curies":[{"name":"wp","href":"https:\/\/api.w.org\/{rel}","templated":true}]}}