{"id":25949,"date":"2023-07-24T10:07:38","date_gmt":"2023-07-24T10:07:38","guid":{"rendered":"https:\/\/www.allforhorses.ee\/?post_type=product&#038;p=25949"},"modified":"2025-07-08T13:13:30","modified_gmt":"2025-07-08T13:13:30","slug":"horse-power-super-arnika-1l","status":"publish","type":"product","link":"https:\/\/www.allforhorses.ee\/ru\/toode\/horse-power-super-arnika-1l\/","title":{"rendered":"Horse Power Super Arnika 1l"},"content":{"rendered":"<div class=\"wpb-content-wrapper\"><p>[vc_row][vc_column][\/vc_column][\/vc_row]<\/p>\n<\/div>","protected":false},"excerpt":{"rendered":"<p><strong>Horse Power Super Arnika<\/strong>(1l) Arnika geel sobib pehmete kudede kinniste vigastustel ja neist tingitud verevalumite ning tursete v\u00e4hendamiseks. Soovitame kasutada m\u00f5\u00f5dukat r\u00f5hksidet.<br \/>\nKasutamine: M\u00e4\u00e4ri arnika geeli kahjustatud alale 2 korda p\u00e4evas ja vajadusel mitu p\u00e4eva. \u00c4ra m\u00e4\u00e4ri geeli vigastatud nahale, seda v\u00f5ib kasutada ainult haava \u00fcmber. Soovitav m\u00e4\u00e4rimiseks kasutada kindaid.<br \/>\nKoostis: Arnica montana extract, Picea abies extract<br \/>\nTootja: Fysioline OY.<\/p>\n","protected":false},"featured_media":25952,"template":"","meta":[],"product_brand":[],"product_cat":[259,757,158],"product_tag":[],"class_list":{"0":"post-25949","1":"product","2":"type-product","3":"status-publish","4":"has-post-thumbnail","6":"product_cat-hobuste-tervisehoid","7":"product_cat-hobuste-tervisehoid-2","8":"product_cat-hobusele","10":"first","11":"instock","12":"taxable","13":"shipping-taxable","14":"purchasable","15":"product-type-simple"},"_links":{"self":[{"href":"https:\/\/www.allforhorses.ee\/ru\/wp-json\/wp\/v2\/product\/25949","targetHints":{"allow":["GET"]}}],"collection":[{"href":"https:\/\/www.allforhorses.ee\/ru\/wp-json\/wp\/v2\/product"}],"about":[{"href":"https:\/\/www.allforhorses.ee\/ru\/wp-json\/wp\/v2\/types\/product"}],"wp:featuredmedia":[{"embeddable":true,"href":"https:\/\/www.allforhorses.ee\/ru\/wp-json\/wp\/v2\/media\/25952"}],"wp:attachment":[{"href":"https:\/\/www.allforhorses.ee\/ru\/wp-json\/wp\/v2\/media?parent=25949"}],"wp:term":[{"taxonomy":"product_brand","embeddable":true,"href":"https:\/\/www.allforhorses.ee\/ru\/wp-json\/wp\/v2\/product_brand?post=25949"},{"taxonomy":"product_cat","embeddable":true,"href":"https:\/\/www.allforhorses.ee\/ru\/wp-json\/wp\/v2\/product_cat?post=25949"},{"taxonomy":"product_tag","embeddable":true,"href":"https:\/\/www.allforhorses.ee\/ru\/wp-json\/wp\/v2\/product_tag?post=25949"}],"curies":[{"name":"wp","href":"https:\/\/api.w.org\/{rel}","templated":true}]}}