{"id":25778,"date":"2023-07-09T20:44:05","date_gmt":"2023-07-09T20:44:05","guid":{"rendered":"https:\/\/www.allforhorses.ee\/?post_type=product&#038;p=25778"},"modified":"2023-07-09T20:53:40","modified_gmt":"2023-07-09T20:53:40","slug":"moretta-poolsaapad-anita","status":"publish","type":"product","link":"https:\/\/www.allforhorses.ee\/ru\/toode\/moretta-poolsaapad-anita\/","title":{"rendered":"Moretta Poolsaapad &#171;Anita&#187;"},"content":{"rendered":"","protected":false},"excerpt":{"rendered":"<p><strong>Moretta Poolsaapad <\/strong>on valmistatud kunstnahast. Elastsed paneelid pahkluude juures. Saapaid on kerge puhastada ja hooldada.<\/p>\n<p><em>LAOS suurus 38.<\/em><br \/>\n<em>\u00dclej\u00e4\u00e4nud ettetellimisel. Tarne 20 t\u00f6\u00f6p\u00e4eva.<\/em><\/p>\n<p>&nbsp;<\/p>\n","protected":false},"featured_media":25802,"template":"","meta":[],"product_brand":[],"product_cat":[109,110,111],"product_tag":[],"class_list":{"0":"post-25778","1":"product","2":"type-product","3":"status-publish","4":"has-post-thumbnail","6":"product_cat-ratsariided","7":"product_cat-ratsasaapad","8":"product_cat-poolsaapad","10":"first","11":"instock","12":"taxable","13":"shipping-taxable","14":"purchasable","15":"product-type-variable"},"_links":{"self":[{"href":"https:\/\/www.allforhorses.ee\/ru\/wp-json\/wp\/v2\/product\/25778","targetHints":{"allow":["GET"]}}],"collection":[{"href":"https:\/\/www.allforhorses.ee\/ru\/wp-json\/wp\/v2\/product"}],"about":[{"href":"https:\/\/www.allforhorses.ee\/ru\/wp-json\/wp\/v2\/types\/product"}],"wp:featuredmedia":[{"embeddable":true,"href":"https:\/\/www.allforhorses.ee\/ru\/wp-json\/wp\/v2\/media\/25802"}],"wp:attachment":[{"href":"https:\/\/www.allforhorses.ee\/ru\/wp-json\/wp\/v2\/media?parent=25778"}],"wp:term":[{"taxonomy":"product_brand","embeddable":true,"href":"https:\/\/www.allforhorses.ee\/ru\/wp-json\/wp\/v2\/product_brand?post=25778"},{"taxonomy":"product_cat","embeddable":true,"href":"https:\/\/www.allforhorses.ee\/ru\/wp-json\/wp\/v2\/product_cat?post=25778"},{"taxonomy":"product_tag","embeddable":true,"href":"https:\/\/www.allforhorses.ee\/ru\/wp-json\/wp\/v2\/product_tag?post=25778"}],"curies":[{"name":"wp","href":"https:\/\/api.w.org\/{rel}","templated":true}]}}