{"id":25107,"date":"2023-05-16T19:32:17","date_gmt":"2023-05-16T19:32:17","guid":{"rendered":"https:\/\/www.allforhorses.ee\/?post_type=product&#038;p=25107"},"modified":"2024-07-24T11:32:24","modified_gmt":"2024-07-24T11:32:24","slug":"hkm-putukatekk-bee","status":"publish","type":"product","link":"https:\/\/www.allforhorses.ee\/ru\/toode\/hkm-putukatekk-bee\/","title":{"rendered":"HKM Putukatekk &#171;Bee&#187;"},"content":{"rendered":"","protected":false},"excerpt":{"rendered":"<p><b>HKM Putukatekk <\/b><b>\u00a0<\/b>kaitseb hobuseid s\u00e4\u00e4skede ja k\u00e4rbeste eest. Tekil on metallist kinnitused. Putukatekk on masinpestav 30 kraadise pesuprogrammiga, 100% pol\u00fcester.<\/p>\n<p><i>Tarne 14 t\u00f6\u00f6p\u00e4eva.<\/i><\/p>\n","protected":false},"featured_media":25141,"template":"","meta":[],"product_brand":[],"product_cat":[158,244,248,204,207],"product_tag":[],"class_list":{"0":"post-25107","1":"product","2":"type-product","3":"status-publish","4":"has-post-thumbnail","6":"product_cat-hobusele","7":"product_cat-hobuste-tekid-tarvikud","8":"product_cat-putukatekid-hobuste-tekid-tarvikud","9":"product_cat-putukatorje-vahendid","10":"product_cat-putukatekid","12":"first","13":"instock","14":"taxable","15":"shipping-taxable","16":"purchasable","17":"product-type-variable"},"_links":{"self":[{"href":"https:\/\/www.allforhorses.ee\/ru\/wp-json\/wp\/v2\/product\/25107","targetHints":{"allow":["GET"]}}],"collection":[{"href":"https:\/\/www.allforhorses.ee\/ru\/wp-json\/wp\/v2\/product"}],"about":[{"href":"https:\/\/www.allforhorses.ee\/ru\/wp-json\/wp\/v2\/types\/product"}],"wp:featuredmedia":[{"embeddable":true,"href":"https:\/\/www.allforhorses.ee\/ru\/wp-json\/wp\/v2\/media\/25141"}],"wp:attachment":[{"href":"https:\/\/www.allforhorses.ee\/ru\/wp-json\/wp\/v2\/media?parent=25107"}],"wp:term":[{"taxonomy":"product_brand","embeddable":true,"href":"https:\/\/www.allforhorses.ee\/ru\/wp-json\/wp\/v2\/product_brand?post=25107"},{"taxonomy":"product_cat","embeddable":true,"href":"https:\/\/www.allforhorses.ee\/ru\/wp-json\/wp\/v2\/product_cat?post=25107"},{"taxonomy":"product_tag","embeddable":true,"href":"https:\/\/www.allforhorses.ee\/ru\/wp-json\/wp\/v2\/product_tag?post=25107"}],"curies":[{"name":"wp","href":"https:\/\/api.w.org\/{rel}","templated":true}]}}