{"id":24858,"date":"2023-05-13T19:20:48","date_gmt":"2023-05-13T19:20:48","guid":{"rendered":"https:\/\/www.allforhorses.ee\/?post_type=product&#038;p=24858"},"modified":"2024-07-24T11:36:45","modified_gmt":"2024-07-24T11:36:45","slug":"hkm-kaelaosaga-putukatekk-ratsutamiseks","status":"publish","type":"product","link":"https:\/\/www.allforhorses.ee\/ru\/toode\/hkm-kaelaosaga-putukatekk-ratsutamiseks\/","title":{"rendered":"HKM Kaelaosaga Putukatekk Ratsutamiseks"},"content":{"rendered":"","protected":false},"excerpt":{"rendered":"<p><b>HKM Kaelaosaga Putukatekk Ratsutamiseks <\/b>kaitseb hobuseid s\u00e4\u00e4skede ja k\u00e4rbeste eest. Mitterebenev materjal.\u00a0\u00a0Tekil on metallist kinnitused, eemaldatav kaelaosa, reguleeritavad kinnitused rinnaesisel,\u00a0 sabaklapp. Putukatekk on masinpestav 30 kraadise pesuprogrammiga, 100% pol\u00fcester.<\/p>\n<p><i>Tarne 14 t\u00f6\u00f6p\u00e4eva.<br \/>\nLAOS \u00a0165cm helesinine.<\/i><\/p>\n","protected":false},"featured_media":24891,"template":"","meta":[],"product_brand":[],"product_cat":[158,244,248,204,207],"product_tag":[],"class_list":{"0":"post-24858","1":"product","2":"type-product","3":"status-publish","4":"has-post-thumbnail","6":"product_cat-hobusele","7":"product_cat-hobuste-tekid-tarvikud","8":"product_cat-putukatekid-hobuste-tekid-tarvikud","9":"product_cat-putukatorje-vahendid","10":"product_cat-putukatekid","12":"first","13":"instock","14":"taxable","15":"shipping-taxable","16":"purchasable","17":"product-type-variable"},"_links":{"self":[{"href":"https:\/\/www.allforhorses.ee\/ru\/wp-json\/wp\/v2\/product\/24858","targetHints":{"allow":["GET"]}}],"collection":[{"href":"https:\/\/www.allforhorses.ee\/ru\/wp-json\/wp\/v2\/product"}],"about":[{"href":"https:\/\/www.allforhorses.ee\/ru\/wp-json\/wp\/v2\/types\/product"}],"wp:featuredmedia":[{"embeddable":true,"href":"https:\/\/www.allforhorses.ee\/ru\/wp-json\/wp\/v2\/media\/24891"}],"wp:attachment":[{"href":"https:\/\/www.allforhorses.ee\/ru\/wp-json\/wp\/v2\/media?parent=24858"}],"wp:term":[{"taxonomy":"product_brand","embeddable":true,"href":"https:\/\/www.allforhorses.ee\/ru\/wp-json\/wp\/v2\/product_brand?post=24858"},{"taxonomy":"product_cat","embeddable":true,"href":"https:\/\/www.allforhorses.ee\/ru\/wp-json\/wp\/v2\/product_cat?post=24858"},{"taxonomy":"product_tag","embeddable":true,"href":"https:\/\/www.allforhorses.ee\/ru\/wp-json\/wp\/v2\/product_tag?post=24858"}],"curies":[{"name":"wp","href":"https:\/\/api.w.org\/{rel}","templated":true}]}}